{"id":2711,"date":"2024-05-17T14:20:42","date_gmt":"2024-05-17T11:20:42","guid":{"rendered":"https:\/\/embryoland.gr\/egg-donation\/"},"modified":"2025-02-07T13:25:52","modified_gmt":"2025-02-07T11:25:52","slug":"eizellspende-eizellenspende-ezs","status":"publish","type":"page","link":"https:\/\/embryoland.gr\/de\/eizellspende-eizellenspende-ezs\/","title":{"rendered":"Eizellspende &#8211; Kinderwunschbehandlung in Athen"},"content":{"rendered":"<div class=\"wpb-content-wrapper\"><p>[vc_section el_id=&#8220;service_1&#8243; conditional_render=&#8220;%5B%7B%22value_role%22%3A%22administrator%22%7D%5D&#8220;][vc_row conditional_render=&#8220;%5B%7B%22value_role%22%3A%22administrator%22%7D%5D&#8220; el_class=&#8220;w1600&#8243;][vc_column width=&#8220;7\/12&#8243;][vc_column_text css=&#8220;&#8220; el_class=&#8220;service_title&#8220;]Eizellspende in<br \/>\nGriechenland[\/vc_column_text][vc_column_text css=&#8220;&#8220; el_class=&#8220;service_text&#8220;]<strong>Ein \u00dcberblick zum Verfahren der Eizellspende<\/strong><\/p>\n<p><strong>Embryoland Kinderwunschklinik Athen<br \/>\n<\/strong><br \/>\nDie Eizellspende ist in einigen europ\u00e4ischen L\u00e4ndern aufgrund geltender Gesetze nicht erlaubt. Im Gegensatz dazu z\u00e4hlt das griechische Reproduktionsmedizingesetz zu den modernsten und liberalsten seiner Art in Europa. Es erlaubt nahezu alle fortschrittlichen Techniken der Kinderwunschbehandlung, darunter IVF, ICSI, Pr\u00e4implantationsdiagnostik und Gametenspende, und regelt diese Verfahren umfassend bis ins Detail. Auch die Eizellspende ist in Griechenland ausdr\u00fccklich legal und fest verankert.<\/p>\n<div class=\"flex max-w-full flex-col flex-grow\">\n<div class=\"min-h-8 text-message flex w-full flex-col items-end gap-2 whitespace-normal break-words [.text-message+&amp;]:mt-5\" dir=\"auto\" data-message-author-role=\"assistant\" data-message-id=\"2bc4a91c-bd8c-4155-a076-1bee63d12586\" data-message-model-slug=\"gpt-4o\">\n<div class=\"flex w-full flex-col gap-1 empty:hidden first:pt-[3px]\">\n<div class=\"markdown prose w-full break-words dark:prose-invert light\">\n<p><strong>Dr. Nikos Kanakas und sein erfahrenes Team<\/strong> gelten als Vorreiter auf diesem Gebiet. Bereits 1987 wurde in Griechenland das erste Kind geboren, das durch eine Eizellspende gezeugt wurde \u2013 ein Meilenstein in der Geschichte der Reproduktionsmedizin.<\/div>\n<\/div>\n<\/div>\n<\/div>\n<p>[\/vc_column_text][\/vc_column][vc_column width=&#8220;5\/12&#8243; el_class=&#8220;service_image&#8220; conditional_render=&#8220;%5B%7B%22value_role%22%3A%22administrator%22%7D%5D&#8220;][vc_single_image image=&#8220;756&#8243; img_size=&#8220;full&#8220; alignment=&#8220;right&#8220; css=&#8220;&#8220;][\/vc_column][\/vc_row][vc_row disable_element=&#8220;yes&#8220; el_class=&#8220;w1600&#8243; conditional_render=&#8220;%5B%7B%22value_role%22%3A%22administrator%22%7D%5D&#8220;][vc_column][vc_column_text css=&#8220;&#8220; el_class=&#8220;service_title&#8220;][\/vc_column_text][\/vc_column][\/vc_row][\/vc_section][vc_section el_id=&#8220;service_2&#8243; conditional_render=&#8220;%5B%7B%22value_role%22%3A%22administrator%22%7D%5D&#8220; css=&#8220;.vc_custom_1715681402168{background-color: #edf7fc !important;}&#8220;][vc_row el_class=&#8220;w1600&#8243; conditional_render=&#8220;%5B%7B%22value_role%22%3A%22administrator%22%7D%5D&#8220;][vc_column][vc_column_text css=&#8220;&#8220; el_class=&#8220;service_text&#8220;]<\/p>\n<hr \/>\n<h3><strong>Gr\u00fcnde f\u00fcr eine Eizellspende<\/strong><\/h3>\n<p>Die <strong>Eizellspende<\/strong> ist eine vielversprechende Option f\u00fcr Frauen, die aufgrund fehlender oder nicht funktionsf\u00e4higer eigener Eizellen unfruchtbar sind. Urspr\u00fcnglich richtete sich diese Methode vor allem an Frauen, die vorzeitig in die Wechseljahre (<em>POF-Syndrom<\/em>) geraten sind \u2013 oft genetisch bedingt.<\/p>\n<p>Heutzutage profitieren immer mehr Frauen mit stark gesch\u00e4digten Eizellen oder einer massiv eingeschr\u00e4nkten Eizellreserve von dieser Behandlung. Dar\u00fcber hinaus bietet die Eizellspende eine L\u00f6sung f\u00fcr Frauen mit <strong>genetischen Defekten<\/strong>, bei denen ein erh\u00f6htes Risiko besteht, ein beeintr\u00e4chtigtes Kind zu empfangen.<\/p>\n<p>Auch <strong>Frauen nach einer Krebserkrankung und anschlie\u00dfender Chemo- oder Strahlentherapie<\/strong> k\u00f6nnen mithilfe gespendeter Eizellen ihrem Kinderwunsch nachkommen.<\/p>\n<p>In unserem Kinderwunschzentrum <strong>ist eine Eizellspende f\u00fcr Frauen bis zum Alter von 54 Jahren m\u00f6glich<\/strong>.<\/p>\n<p>Ob die Eizellspende die richtige Methode f\u00fcr Sie ist, kl\u00e4ren wir gemeinsam in einem ausf\u00fchrlichen <strong>Erstgespr\u00e4ch<\/strong>. Stellt sich heraus, dass Sie als geeignete Empf\u00e4ngerin infrage kommen, wird Ihr Zyklus mit Progesteron und \u00d6strogen hormonell optimal auf den Embryotransfer vorbereitet.<\/p>\n<hr \/>\n<h3><strong>Der Ablauf der Behandlung<\/strong><\/h3>\n<p>Die Behandlung erfolgt in mehreren sorgf\u00e4ltig geplanten Schritten:<\/p>\n<ol>\n<li><strong>Zyklussynchronisation<\/strong><br \/>\nZun\u00e4chst werden die Menstruationszyklen der Empf\u00e4ngerin und der Eizellspenderin aufeinander abgestimmt.<\/li>\n<li><strong>Eizellentnahme und Befruchtung<\/strong><br \/>\nAm Tag der Entnahme der gespendeten Eizellen gibt der m\u00e4nnliche Partner eine Samenprobe ab, die aufbereitet und f\u00fcr die Befruchtung verwendet wird. Die Eizellen werden au\u00dferhalb des K\u00f6rpers der Spenderin befruchtet, wie bei einer konventionellen IVF-Behandlung.<\/li>\n<li><strong>Embryotransfer<\/strong><br \/>\nDie befruchteten Eizellen entwickeln sich zu Embryonen, die anschlie\u00dfend in die Geb\u00e4rmutter der Empf\u00e4ngerin transferiert werden. Damit die Embryonen optimal einnisten k\u00f6nnen, wird die Geb\u00e4rmutterschleimhaut der Empf\u00e4ngerin vorher mit Hormonen vorbereitet.<\/li>\n<\/ol>\n<hr \/>\n<h3><strong>Individuelle Auswahl der Eizellspenderinnen<\/strong><\/h3>\n<p>Die Auswahl der Eizellspenderinnen erfolgt auf Grundlage der pers\u00f6nlichen Merkmale der Patientinnen. Dabei achten wir darauf, dass Augen-, Haar- und Hautfarbe m\u00f6glichst mit den W\u00fcnschen und genetischen Eigenschaften der Empf\u00e4ngerin \u00fcbereinstimmen.<\/p>\n<hr \/>\n<h3><strong>Kosten und Transparenz<\/strong><\/h3>\n<p>Wir verstehen, dass finanzielle Aspekte bei der Familienplanung eine wichtige Rolle spielen. Deshalb bieten wir faire und transparente Preise.<\/p>\n<hr \/>\n<h3><strong>Ihre Kinderwunschklinik in Athen<\/strong><\/h3>\n<p>In unserem Kinderwunschzentrum in Athen setzen wir auf modernste Technologien, langj\u00e4hrige Erfahrung und eine einf\u00fchlsame Betreuung, um Ihnen den Traum vom eigenen Kind zu erf\u00fcllen. Besuchen Sie uns auf <a href=\"http:\/\/www.embryoland.de\" target=\"_new\" rel=\"noopener noreferrer nofollow\" target=\"_blank\">www.embryoland.de<\/a>, um mehr \u00fcber unsere Leistungen zu erfahren.<\/p>\n<p><strong>Eizellspende in Griechenland \u2013 Ihr Weg zum Wunschkind<\/strong>[\/vc_column_text][vc_column_text css=&#8220;&#8220; el_class=&#8220;service_small_text&#8220;][\/vc_column_text][\/vc_column][\/vc_row][\/vc_section][vc_section el_id=&#8220;contact&#8220; conditional_render=&#8220;%5B%7B%22value_role%22%3A%22administrator%22%7D%5D&#8220;][vc_row][vc_column]<div class=\"porto-block\" data-id=\"2454\"><style>.calendar-box {\r\n  text-align: center;\r\n  padding: 20px;\r\n  border: 1px solid #ccc;\r\n  border-radius: 10px;\r\n  background-color: white;\r\n  box-shadow: 0 2px 10px rgba(0, 0, 0, 0.1);\r\n  width: 300px;\r\n}\r\n\r\n.calendar-title {\r\n  font-size: 18px;\r\n  margin-bottom: 10px;\r\n  color: #333;\r\n}\r\n\r\n.calendar {\r\n  background-color: white;\r\n  border-radius: 10px;\r\n  box-shadow: 0 2px 10px rgba(0, 0, 0, 0.1);\r\n  width: 300px;\r\n  position: absolute;\r\n  z-index: 1;\r\n  display: none;\r\n}\r\n\r\n.header {\r\n  background-color: #3498db;\r\n  color: white;\r\n  display: flex;\r\n  justify-content: space-between;\r\n  align-items: center;\r\n  padding: 10px;\r\n  border-top-left-radius: 10px;\r\n  border-top-right-radius: 10px;\r\n}\r\n\r\n#prevBtn,\r\n#nextBtn {\r\n  background: none;\r\n  border: none;\r\n  color: white;\r\n  cursor: pointer;\r\n  font-size: 16px;\r\n}\r\n\r\n#monthYear {\r\n  font-size: 18px;\r\n  font-weight: bold;\r\n}\r\n\r\n.days {\r\n  display: grid;\r\n  grid-template-columns: repeat(7, 1fr);\r\n  gap: 5px;\r\n  padding: 10px;\r\n}\r\n\r\n.day {\r\n  padding: 10px;\r\n  text-align: center;\r\n  border-radius: 5px;\r\n  cursor: pointer;\r\n}\r\n\r\n.day.current {\r\n  background-color: #3498db;\r\n  color: white;\r\n}\r\n\r\n.day.selected {\r\n  background-color: #2ecc71;\r\n  color: white;\r\n}\r\n\r\n#dateInput {\r\n  width: 100%;\r\n  padding: 10px;\r\n  border: 1px solid #ccc;\r\n  border-radius: 5px;\r\n  font-size: 14px;\r\n  outline: none;\r\n  cursor: pointer;\r\n}<\/style>[vc_row el_class=\"w1600\" conditional_render=\"%5B%7B%22value_role%22%3A%22administrator%22%7D%5D\"][vc_column width=\"1\/2\"][vc_row_inner][vc_column_inner][vc_column_text css=\"\" el_class=\"contact_title\"]<\/p>\r\n<div class=\"c-scrollbar__hider\" role=\"presentation\" data-qa=\"slack_kit_scrollbar\">\r\n<div class=\"c-scrollbar__child\" role=\"presentation\">\r\n<div class=\"c-virtual_list__scroll_container\" tabindex=\"-1\" role=\"list\" data-qa=\"slack_kit_list\" aria-label=\"Matina (direct message, active)\">\r\n<div id=\"1731512315.437009\" class=\"c-virtual_list__item\" tabindex=\"0\" role=\"listitem\" aria-setsize=\"-1\" data-qa=\"virtual-list-item\" data-item-key=\"1731512315.437009\">\r\n<div class=\"c-message_kit__background p-message_pane_message__message c-message_kit__message p-message_pane_message__message--last\" role=\"presentation\" data-qa=\"message_container\" data-qa-unprocessed=\"false\" data-qa-placeholder=\"false\">\r\n<div class=\"c-message_kit__hover\" role=\"document\" aria-roledescription=\"message\" data-qa-hover=\"true\">\r\n<div class=\"c-message_kit__actions c-message_kit__actions--default\">\r\n<div class=\"c-message_kit__gutter\">\r\n<div class=\"c-message_kit__gutter__right\" role=\"presentation\" data-qa=\"message_content\">\r\n<div class=\"c-message_kit__blocks c-message_kit__blocks--rich_text\">\r\n<div class=\"c-message__message_blocks c-message__message_blocks--rich_text\" data-qa=\"message-text\">\r\n<div class=\"p-block_kit_renderer\" data-qa=\"block-kit-renderer\">\r\n<div class=\"p-block_kit_renderer__block_wrapper p-block_kit_renderer__block_wrapper--first\">\r\n<div class=\"p-rich_text_block\" dir=\"auto\">\r\n<div class=\"p-rich_text_section\">Einen Termin buchen<\/div>\r\n<\/div>\r\n<\/div>\r\n<\/div>\r\n<\/div>\r\n<\/div>\r\n<\/div>\r\n<\/div>\r\n<\/div>\r\n<\/div>\r\n<\/div>\r\n<\/div>\r\n<\/div>\r\n<\/div>\r\n<\/div>\r\n<p>[\/vc_column_text][vc_column_text css=\"\" el_class=\"contact_text\"]Wir stehen Ihnen jederzeit zur Verf\u00fcgung, um Ihnen zu helfen und all Ihre Fragen zu beantworten.[\/vc_column_text][\/vc_column_inner][\/vc_row_inner][vc_row_inner][vc_column_inner][vc_column_text css=\"\" el_class=\"call_us_text contact call_us_text_eng\"]<span style=\"font-size: 12px;\">RUFEN SIE UNS AN<\/span><br \/>\r\n+30 210 777 99 20 \/ +30 210 691 12 00[\/vc_column_text][\/vc_column_inner][\/vc_row_inner][\/vc_column][vc_column width=\"1\/2\"][vc_row_inner][vc_column_inner][vc_column_text css=\"\"]\n<div class=\"wpcf7 no-js\" id=\"wpcf7-f2443-o1\" lang=\"de-DE\" dir=\"ltr\">\n<div class=\"screen-reader-response\"><p role=\"status\" aria-live=\"polite\" aria-atomic=\"true\"><\/p> <ul><\/ul><\/div>\n<form action=\"\/de\/wp-json\/wp\/v2\/pages\/2711#wpcf7-f2443-o1\" method=\"post\" class=\"wpcf7-form init\" aria-label=\"Contact form\" novalidate=\"novalidate\" data-status=\"init\">\n<div style=\"display: none;\">\n<input type=\"hidden\" name=\"_wpcf7\" value=\"2443\" \/>\n<input type=\"hidden\" name=\"_wpcf7_version\" value=\"5.9.4\" \/>\n<input type=\"hidden\" name=\"_wpcf7_locale\" value=\"de_DE\" \/>\n<input type=\"hidden\" name=\"_wpcf7_unit_tag\" value=\"wpcf7-f2443-o1\" \/>\n<input type=\"hidden\" name=\"_wpcf7_container_post\" value=\"0\" \/>\n<input type=\"hidden\" name=\"_wpcf7_posted_data_hash\" value=\"\" \/>\n<\/div>\n<div id=\"contact_form\">\n<div class=\"contact_row\">\n  <label for=\"name\"> Full Name*\n      <span class=\"wpcf7-form-control-wrap\" data-name=\"your-name\"><input size=\"40\" class=\"wpcf7-form-control wpcf7-text wpcf7-validates-as-required\" id=\"name\" autocomplete=\"name\" aria-required=\"true\" aria-invalid=\"false\" value=\"\" type=\"text\" name=\"your-name\" \/><\/span> \n  <\/label>\n\n  <label for=\"telephone\"> Telephone*\n      <span class=\"wpcf7-form-control-wrap\" data-name=\"tel-858\"><input size=\"40\" class=\"wpcf7-form-control wpcf7-tel wpcf7-validates-as-required wpcf7-text wpcf7-validates-as-tel\" id=\"telephone\" aria-required=\"true\" aria-invalid=\"false\" value=\"\" type=\"tel\" name=\"tel-858\" \/><\/span>\n  <\/label>\n<\/div>\n\n<div class=\"contact_row\">\n  <label for=\"email\"> Email*\n      <span class=\"wpcf7-form-control-wrap\" data-name=\"your-email\"><input size=\"40\" class=\"wpcf7-form-control wpcf7-email wpcf7-validates-as-required wpcf7-text wpcf7-validates-as-email\" id=\"email\" autocomplete=\"email\" aria-required=\"true\" aria-invalid=\"false\" value=\"\" type=\"email\" name=\"your-email\" \/><\/span> \n  <\/label>\n\n  <label for=\"country\"> Country\n      <span class=\"wpcf7-form-control-wrap\" data-name=\"text-784\"><input size=\"40\" class=\"wpcf7-form-control wpcf7-text\" id=\"country\" aria-invalid=\"false\" value=\"\" type=\"text\" name=\"text-784\" \/><\/span>\n  <\/label>\n<\/div>\n\n<div class=\"contact_row_2\">\n  <label for=\"mhnyma\"> Message* \n      <span class=\"wpcf7-form-control-wrap\" data-name=\"textarea-219\"><textarea cols=\"40\" rows=\"10\" class=\"wpcf7-form-control wpcf7-textarea wpcf7-validates-as-required\" id=\"mhnyma\" aria-required=\"true\" aria-invalid=\"false\" name=\"textarea-219\"><\/textarea><\/span>\n  <\/label>\n<\/div>\n\n<div class=\"contact_row_2\">\n  <input class=\"wpcf7-form-control wpcf7-submit has-spinner\" type=\"submit\" value=\"SEND\" \/>\n<\/div><div class=\"wpcf7-response-output\" aria-hidden=\"true\"><\/div>\n<\/form>\n<\/div>\n[\/vc_column_text][\/vc_column_inner][\/vc_row_inner][\/vc_column][\/vc_row]<\/div>[\/vc_column][\/vc_row][\/vc_section]<\/p>\n<\/div>","protected":false},"excerpt":{"rendered":"<p>[vc_section el_id=&#8220;service_1&#8243; conditional_render=&#8220;%5B%7B%22value_role%22%3A%22administrator%22%7D%5D&#8220;][vc_row conditional_render=&#8220;%5B%7B%22value_role%22%3A%22administrator%22%7D%5D&#8220; el_class=&#8220;w1600&#8243;][vc_column width=&#8220;7\/12&#8243;][vc_column_text css=&#8220;&#8220; el_class=&#8220;service_title&#8220;]Eizellspende in Griechenland[\/vc_column_text][vc_column_text css=&#8220;&#8220; el_class=&#8220;service_text&#8220;]Ein \u00dcberblick zum Verfahren der Eizellspende Embryoland Kinderwunschklinik Athen Die Eizellspende ist in einigen europ\u00e4ischen L\u00e4ndern aufgrund geltender Gesetze nicht erlaubt. Im Gegensatz dazu z\u00e4hlt das griechische Reproduktionsmedizingesetz zu den modernsten und liberalsten seiner Art in Europa. Es erlaubt nahezu alle fortschrittlichen Techniken der [&hellip;]<\/p>\n","protected":false},"author":1,"featured_media":0,"parent":0,"menu_order":0,"comment_status":"closed","ping_status":"closed","template":"","meta":{"_acf_changed":false,"footnotes":""},"class_list":["post-2711","page","type-page","status-publish","hentry"],"acf":[],"yoast_head":"<!-- This site is optimized with the Yoast SEO plugin v22.7 - https:\/\/yoast.com\/wordpress\/plugins\/seo\/ -->\n<title>Eizellspende EZS in Athen Griechenland Ausland<\/title>\n<meta name=\"description\" content=\"Eizellspende Griechenland - Kinderwunschzentrum Athen. Ihr Weg zum Wunschkind. Langj\u00e4hrige Erfahrung und eine einf\u00fchlsame Betreuung.\" \/>\n<meta name=\"robots\" content=\"index, follow, max-snippet:-1, max-image-preview:large, max-video-preview:-1\" \/>\n<link rel=\"canonical\" href=\"https:\/\/embryoland.gr\/de\/eizellspende-eizellenspende-ezs\/\" \/>\n<meta property=\"og:locale\" content=\"de_DE\" \/>\n<meta property=\"og:type\" content=\"article\" \/>\n<meta property=\"og:title\" content=\"Eizellspende EZS in Athen Griechenland Ausland\" \/>\n<meta property=\"og:description\" content=\"Eizellspende Griechenland - Kinderwunschzentrum Athen. Ihr Weg zum Wunschkind. Langj\u00e4hrige Erfahrung und eine einf\u00fchlsame Betreuung.\" \/>\n<meta property=\"og:url\" content=\"https:\/\/embryoland.gr\/de\/eizellspende-eizellenspende-ezs\/\" \/>\n<meta property=\"og:site_name\" content=\"Embryoland\" \/>\n<meta property=\"article:modified_time\" content=\"2025-02-07T11:25:52+00:00\" \/>\n<meta name=\"twitter:card\" content=\"summary_large_image\" \/>\n<meta name=\"twitter:label1\" content=\"Gesch\u00e4tzte Lesezeit\" \/>\n\t<meta name=\"twitter:data1\" content=\"3\u00a0Minuten\" \/>\n<script type=\"application\/ld+json\" class=\"yoast-schema-graph\">{\"@context\":\"https:\/\/schema.org\",\"@graph\":[{\"@type\":\"WebPage\",\"@id\":\"https:\/\/embryoland.gr\/de\/eizellspende-eizellenspende-ezs\/\",\"url\":\"https:\/\/embryoland.gr\/de\/eizellspende-eizellenspende-ezs\/\",\"name\":\"Eizellspende EZS in Athen Griechenland Ausland\",\"isPartOf\":{\"@id\":\"https:\/\/embryoland.gr\/de\/#website\"},\"datePublished\":\"2024-05-17T11:20:42+00:00\",\"dateModified\":\"2025-02-07T11:25:52+00:00\",\"description\":\"Eizellspende Griechenland - Kinderwunschzentrum Athen. Ihr Weg zum Wunschkind. Langj\u00e4hrige Erfahrung und eine einf\u00fchlsame Betreuung.\",\"breadcrumb\":{\"@id\":\"https:\/\/embryoland.gr\/de\/eizellspende-eizellenspende-ezs\/#breadcrumb\"},\"inLanguage\":\"de\",\"potentialAction\":[{\"@type\":\"ReadAction\",\"target\":[\"https:\/\/embryoland.gr\/de\/eizellspende-eizellenspende-ezs\/\"]}]},{\"@type\":\"BreadcrumbList\",\"@id\":\"https:\/\/embryoland.gr\/de\/eizellspende-eizellenspende-ezs\/#breadcrumb\",\"itemListElement\":[{\"@type\":\"ListItem\",\"position\":1,\"name\":\"Home\",\"item\":\"https:\/\/embryoland.gr\/de\/\"},{\"@type\":\"ListItem\",\"position\":2,\"name\":\"Eizellspende &#8211; Kinderwunschbehandlung in Athen\"}]},{\"@type\":\"WebSite\",\"@id\":\"https:\/\/embryoland.gr\/de\/#website\",\"url\":\"https:\/\/embryoland.gr\/de\/\",\"name\":\"Embryoland\",\"description\":\"\",\"publisher\":{\"@id\":\"https:\/\/embryoland.gr\/de\/#organization\"},\"potentialAction\":[{\"@type\":\"SearchAction\",\"target\":{\"@type\":\"EntryPoint\",\"urlTemplate\":\"https:\/\/embryoland.gr\/de\/?s={search_term_string}\"},\"query-input\":\"required name=search_term_string\"}],\"inLanguage\":\"de\"},{\"@type\":\"Organization\",\"@id\":\"https:\/\/embryoland.gr\/de\/#organization\",\"name\":\"Embryoland\",\"url\":\"https:\/\/embryoland.gr\/de\/\",\"logo\":{\"@type\":\"ImageObject\",\"inLanguage\":\"de\",\"@id\":\"https:\/\/embryoland.gr\/de\/#\/schema\/logo\/image\/\",\"url\":\"https:\/\/embryoland.gr\/wp-content\/uploads\/2024\/05\/logo-embryoland.png\",\"contentUrl\":\"https:\/\/embryoland.gr\/wp-content\/uploads\/2024\/05\/logo-embryoland.png\",\"width\":330,\"height\":72,\"caption\":\"Embryoland\"},\"image\":{\"@id\":\"https:\/\/embryoland.gr\/de\/#\/schema\/logo\/image\/\"}}]}<\/script>\n<!-- \/ Yoast SEO plugin. -->","yoast_head_json":{"title":"Eizellspende EZS in Athen Griechenland Ausland","description":"Eizellspende Griechenland - Kinderwunschzentrum Athen. Ihr Weg zum Wunschkind. Langj\u00e4hrige Erfahrung und eine einf\u00fchlsame Betreuung.","robots":{"index":"index","follow":"follow","max-snippet":"max-snippet:-1","max-image-preview":"max-image-preview:large","max-video-preview":"max-video-preview:-1"},"canonical":"https:\/\/embryoland.gr\/de\/eizellspende-eizellenspende-ezs\/","og_locale":"de_DE","og_type":"article","og_title":"Eizellspende EZS in Athen Griechenland Ausland","og_description":"Eizellspende Griechenland - Kinderwunschzentrum Athen. Ihr Weg zum Wunschkind. Langj\u00e4hrige Erfahrung und eine einf\u00fchlsame Betreuung.","og_url":"https:\/\/embryoland.gr\/de\/eizellspende-eizellenspende-ezs\/","og_site_name":"Embryoland","article_modified_time":"2025-02-07T11:25:52+00:00","twitter_card":"summary_large_image","twitter_misc":{"Gesch\u00e4tzte Lesezeit":"3\u00a0Minuten"},"schema":{"@context":"https:\/\/schema.org","@graph":[{"@type":"WebPage","@id":"https:\/\/embryoland.gr\/de\/eizellspende-eizellenspende-ezs\/","url":"https:\/\/embryoland.gr\/de\/eizellspende-eizellenspende-ezs\/","name":"Eizellspende EZS in Athen Griechenland Ausland","isPartOf":{"@id":"https:\/\/embryoland.gr\/de\/#website"},"datePublished":"2024-05-17T11:20:42+00:00","dateModified":"2025-02-07T11:25:52+00:00","description":"Eizellspende Griechenland - Kinderwunschzentrum Athen. Ihr Weg zum Wunschkind. Langj\u00e4hrige Erfahrung und eine einf\u00fchlsame Betreuung.","breadcrumb":{"@id":"https:\/\/embryoland.gr\/de\/eizellspende-eizellenspende-ezs\/#breadcrumb"},"inLanguage":"de","potentialAction":[{"@type":"ReadAction","target":["https:\/\/embryoland.gr\/de\/eizellspende-eizellenspende-ezs\/"]}]},{"@type":"BreadcrumbList","@id":"https:\/\/embryoland.gr\/de\/eizellspende-eizellenspende-ezs\/#breadcrumb","itemListElement":[{"@type":"ListItem","position":1,"name":"Home","item":"https:\/\/embryoland.gr\/de\/"},{"@type":"ListItem","position":2,"name":"Eizellspende &#8211; Kinderwunschbehandlung in Athen"}]},{"@type":"WebSite","@id":"https:\/\/embryoland.gr\/de\/#website","url":"https:\/\/embryoland.gr\/de\/","name":"Embryoland","description":"","publisher":{"@id":"https:\/\/embryoland.gr\/de\/#organization"},"potentialAction":[{"@type":"SearchAction","target":{"@type":"EntryPoint","urlTemplate":"https:\/\/embryoland.gr\/de\/?s={search_term_string}"},"query-input":"required name=search_term_string"}],"inLanguage":"de"},{"@type":"Organization","@id":"https:\/\/embryoland.gr\/de\/#organization","name":"Embryoland","url":"https:\/\/embryoland.gr\/de\/","logo":{"@type":"ImageObject","inLanguage":"de","@id":"https:\/\/embryoland.gr\/de\/#\/schema\/logo\/image\/","url":"https:\/\/embryoland.gr\/wp-content\/uploads\/2024\/05\/logo-embryoland.png","contentUrl":"https:\/\/embryoland.gr\/wp-content\/uploads\/2024\/05\/logo-embryoland.png","width":330,"height":72,"caption":"Embryoland"},"image":{"@id":"https:\/\/embryoland.gr\/de\/#\/schema\/logo\/image\/"}}]}},"_links":{"self":[{"href":"https:\/\/embryoland.gr\/de\/wp-json\/wp\/v2\/pages\/2711","targetHints":{"allow":["GET"]}}],"collection":[{"href":"https:\/\/embryoland.gr\/de\/wp-json\/wp\/v2\/pages"}],"about":[{"href":"https:\/\/embryoland.gr\/de\/wp-json\/wp\/v2\/types\/page"}],"author":[{"embeddable":true,"href":"https:\/\/embryoland.gr\/de\/wp-json\/wp\/v2\/users\/1"}],"replies":[{"embeddable":true,"href":"https:\/\/embryoland.gr\/de\/wp-json\/wp\/v2\/comments?post=2711"}],"version-history":[{"count":9,"href":"https:\/\/embryoland.gr\/de\/wp-json\/wp\/v2\/pages\/2711\/revisions"}],"predecessor-version":[{"id":4983,"href":"https:\/\/embryoland.gr\/de\/wp-json\/wp\/v2\/pages\/2711\/revisions\/4983"}],"wp:attachment":[{"href":"https:\/\/embryoland.gr\/de\/wp-json\/wp\/v2\/media?parent=2711"}],"curies":[{"name":"wp","href":"https:\/\/api.w.org\/{rel}","templated":true}]}}