{"id":2594,"date":"2024-05-17T11:19:47","date_gmt":"2024-05-17T08:19:47","guid":{"rendered":"https:\/\/embryoland.gr\/book-an-appointment\/"},"modified":"2024-11-13T17:39:23","modified_gmt":"2024-11-13T15:39:23","slug":"einen-termin-buchen","status":"publish","type":"page","link":"https:\/\/embryoland.gr\/de\/einen-termin-buchen\/","title":{"rendered":"Einen Termin buchen"},"content":{"rendered":"<div class=\"wpb-content-wrapper\"><p>[vc_section el_id=&#8220;contact&#8220; conditional_render=&#8220;%5B%7B%22value_role%22%3A%22administrator%22%7D%5D&#8220;][vc_row el_class=&#8220;book_an_apiontment&#8220; conditional_render=&#8220;%5B%7B%22value_role%22%3A%22administrator%22%7D%5D&#8220;][vc_column]<div class=\"porto-block\" data-id=\"2448\">[vc_row el_class=\"w1600\" conditional_render=\"%5B%7B%22value_role%22%3A%22administrator%22%7D%5D\"][vc_column width=\"1\/2\"][vc_row_inner][vc_column_inner el_class=\"book_an_apointment\"][vc_column_text css=\"\" el_class=\"contact_title\"]<span style=\"font-weight: 400;\">Online Erstgespr\u00e4ch<\/span>[\/vc_column_text][vc_column_text css=\"\" el_class=\"contact_text\"]<span style=\"font-weight: 400;\">Wir bieten Ihnen die M\u00f6glichkeit eines ersten Beratungsgespr\u00e4ches bequem online \u00fcber whatsapp, Zoom oder Telefon an. W\u00e4hrend des Gespr\u00e4ches k\u00f6nnen Sie den gesamten Ablauf auf dem Bildschirm mitverfolgen. \r\nSo funktioniert es:\r\n\r\n    <strong>Termin ausw\u00e4hlen<\/strong>: W\u00e4hlen Sie einen verf\u00fcgbaren Termin, der f\u00fcr Sie passt.\r\n    <strong>Kontaktdaten angeben<\/strong>: Teilen Sie uns Ihre Kontaktdaten mit.\r\n    <strong>R\u00fcckbest\u00e4tigung erhalten<\/strong>: Sie erhalten von uns eine Best\u00e4tigung sowie alle wichtigen Informationen zur Vorbereitung auf Ihren Termin.\r\n\r\nDr. Nikos Kanakas und sein Team freuen sich darauf, Sie auf Ihrem Weg zu unterst\u00fctzen. Wir sind f\u00fcr Sie da!\r\n<\/span>[\/vc_column_text][vc_single_image image=\"850\" img_size=\"full\" css=\"\"][\/vc_column_inner][\/vc_row_inner][\/vc_column][vc_column width=\"1\/2\"][vc_row_inner][vc_column_inner][vc_column_text css=\"\"]\n<div class=\"wpcf7 no-js\" id=\"wpcf7-f2442-o1\" lang=\"de-DE\" dir=\"ltr\">\n<div class=\"screen-reader-response\"><p role=\"status\" aria-live=\"polite\" aria-atomic=\"true\"><\/p> <ul><\/ul><\/div>\n<form action=\"\/de\/wp-json\/wp\/v2\/pages\/2594#wpcf7-f2442-o1\" method=\"post\" class=\"wpcf7-form init\" aria-label=\"Contact form\" novalidate=\"novalidate\" data-status=\"init\">\n<div style=\"display: none;\">\n<input type=\"hidden\" name=\"_wpcf7\" value=\"2442\" \/>\n<input type=\"hidden\" name=\"_wpcf7_version\" value=\"5.9.4\" \/>\n<input type=\"hidden\" name=\"_wpcf7_locale\" value=\"de_DE\" \/>\n<input type=\"hidden\" name=\"_wpcf7_unit_tag\" value=\"wpcf7-f2442-o1\" \/>\n<input type=\"hidden\" name=\"_wpcf7_container_post\" value=\"0\" \/>\n<input type=\"hidden\" name=\"_wpcf7_posted_data_hash\" value=\"\" \/>\n<\/div>\n<div id=\"contact_form\">\n<div class=\"contact_row\">\n  <label for=\"name\"> Full Name*\n      <span class=\"wpcf7-form-control-wrap\" data-name=\"your-name\"><input size=\"40\" class=\"wpcf7-form-control wpcf7-text wpcf7-validates-as-required\" id=\"name\" autocomplete=\"name\" aria-required=\"true\" aria-invalid=\"false\" value=\"\" type=\"text\" name=\"your-name\" \/><\/span> \n  <\/label>\n\n  <label for=\"telephone\"> Telephone*\n      <span class=\"wpcf7-form-control-wrap\" data-name=\"tel-858\"><input size=\"40\" class=\"wpcf7-form-control wpcf7-tel wpcf7-validates-as-required wpcf7-text wpcf7-validates-as-tel\" id=\"telephone\" aria-required=\"true\" aria-invalid=\"false\" value=\"\" type=\"tel\" name=\"tel-858\" \/><\/span>\n  <\/label>\n<\/div>\n\n<div class=\"contact_row\">\n  <label for=\"age\"> Age\n      <span class=\"wpcf7-form-control-wrap\" data-name=\"age\"><input size=\"40\" class=\"wpcf7-form-control wpcf7-text\" id=\"age\" aria-invalid=\"false\" value=\"\" type=\"text\" name=\"age\" \/><\/span> \n  <\/label>\n\n  <label for=\"therapia\"> Therapy you need\n      <span class=\"wpcf7-form-control-wrap\" data-name=\"menu-346\"><select class=\"wpcf7-form-control wpcf7-select\" id=\"therapia\" aria-invalid=\"false\" name=\"menu-346\"><option value=\"\">- Bitte w\u00e4hlen Sie eine Behandlung aus -<\/option><option value=\"IVF\">IVF<\/option><option value=\"IUI-Intrauterine insemination\">IUI-Intrauterine insemination<\/option><option value=\"Egg Donation\">Egg Donation<\/option><option value=\"Embryo Donation\">Embryo Donation<\/option><option value=\"Egg Freezing\">Egg Freezing<\/option><\/select><\/span>\n  <\/label>\n<\/div>\n\n<div class=\"contact_row\">\n  <label for=\"email\"> Email*\n      <span class=\"wpcf7-form-control-wrap\" data-name=\"your-email\"><input size=\"40\" class=\"wpcf7-form-control wpcf7-email wpcf7-validates-as-required wpcf7-text wpcf7-validates-as-email\" id=\"email\" autocomplete=\"email\" aria-required=\"true\" aria-invalid=\"false\" value=\"\" type=\"email\" name=\"your-email\" \/><\/span> \n  <\/label>\n\n  <label for=\"chora\"> Country\n      <span class=\"wpcf7-form-control-wrap\" data-name=\"text-784\"><input size=\"40\" class=\"wpcf7-form-control wpcf7-text\" id=\"chora\" aria-invalid=\"false\" value=\"\" type=\"text\" name=\"text-784\" \/><\/span>\n  <\/label>\n<\/div>\n\n<div class=\"contact_row_2\">\n  <label for=\"date\"> Prefered Date <span>(ex. 3 June 2019 or between September 22 and September 25 )<\/span>     \n       <span class=\"wpcf7-form-control-wrap\" data-name=\"text-626\"><input size=\"40\" class=\"wpcf7-form-control wpcf7-text\" id=\"date\" aria-invalid=\"false\" value=\"\" type=\"text\" name=\"text-626\" \/><\/span>\n  <\/label>\n<\/div>\n\n\n<div class=\"contact_row_2\">\n  <label for=\"mhnyma\"> Message* \n      <span class=\"wpcf7-form-control-wrap\" data-name=\"textarea-219\"><textarea cols=\"40\" rows=\"10\" class=\"wpcf7-form-control wpcf7-textarea wpcf7-validates-as-required\" id=\"mhnyma\" aria-required=\"true\" aria-invalid=\"false\" name=\"textarea-219\"><\/textarea><\/span>\n  <\/label>\n<\/div>\n\n<div class=\"contact_row_2\">\n  <input class=\"wpcf7-form-control wpcf7-submit has-spinner\" type=\"submit\" value=\"Book an appointment\" \/>\n<\/div><div class=\"wpcf7-response-output\" aria-hidden=\"true\"><\/div>\n<\/form>\n<\/div>\n[\/vc_column_text][\/vc_column_inner][\/vc_row_inner][\/vc_column][\/vc_row]<\/div>[\/vc_column][\/vc_row][\/vc_section]<\/p>\n<\/div>","protected":false},"excerpt":{"rendered":"<p>[vc_section el_id=&#8220;contact&#8220; conditional_render=&#8220;%5B%7B%22value_role%22%3A%22administrator%22%7D%5D&#8220;][vc_row el_class=&#8220;book_an_apiontment&#8220; conditional_render=&#8220;%5B%7B%22value_role%22%3A%22administrator%22%7D%5D&#8220;][vc_column][\/vc_column][\/vc_row][\/vc_section]<\/p>\n","protected":false},"author":1,"featured_media":0,"parent":0,"menu_order":0,"comment_status":"closed","ping_status":"closed","template":"","meta":{"_acf_changed":false,"footnotes":""},"class_list":["post-2594","page","type-page","status-publish","hentry"],"acf":[],"yoast_head":"<!-- This site is optimized with the Yoast SEO plugin v22.7 - https:\/\/yoast.com\/wordpress\/plugins\/seo\/ -->\n<title>Einen Termin buchen - Embryoland<\/title>\n<meta name=\"description\" content=\"Einen Termin buchen - Embryoland\" \/>\n<meta name=\"robots\" content=\"index, follow, max-snippet:-1, max-image-preview:large, max-video-preview:-1\" \/>\n<link rel=\"canonical\" href=\"https:\/\/embryoland.gr\/de\/einen-termin-buchen\/\" \/>\n<meta property=\"og:locale\" content=\"de_DE\" \/>\n<meta property=\"og:type\" content=\"article\" \/>\n<meta property=\"og:title\" content=\"Einen Termin buchen - Embryoland\" \/>\n<meta property=\"og:description\" content=\"Einen Termin buchen - Embryoland\" \/>\n<meta property=\"og:url\" content=\"https:\/\/embryoland.gr\/de\/einen-termin-buchen\/\" \/>\n<meta property=\"og:site_name\" content=\"Embryoland\" \/>\n<meta property=\"article:modified_time\" content=\"2024-11-13T15:39:23+00:00\" \/>\n<meta name=\"twitter:card\" content=\"summary_large_image\" \/>\n<meta name=\"twitter:label1\" content=\"Gesch\u00e4tzte Lesezeit\" \/>\n\t<meta name=\"twitter:data1\" content=\"1\u00a0Minute\" \/>\n<script type=\"application\/ld+json\" class=\"yoast-schema-graph\">{\"@context\":\"https:\/\/schema.org\",\"@graph\":[{\"@type\":\"WebPage\",\"@id\":\"https:\/\/embryoland.gr\/de\/einen-termin-buchen\/\",\"url\":\"https:\/\/embryoland.gr\/de\/einen-termin-buchen\/\",\"name\":\"Einen Termin buchen - Embryoland\",\"isPartOf\":{\"@id\":\"https:\/\/embryoland.gr\/de\/#website\"},\"datePublished\":\"2024-05-17T08:19:47+00:00\",\"dateModified\":\"2024-11-13T15:39:23+00:00\",\"description\":\"Einen Termin buchen - Embryoland\",\"breadcrumb\":{\"@id\":\"https:\/\/embryoland.gr\/de\/einen-termin-buchen\/#breadcrumb\"},\"inLanguage\":\"de\",\"potentialAction\":[{\"@type\":\"ReadAction\",\"target\":[\"https:\/\/embryoland.gr\/de\/einen-termin-buchen\/\"]}]},{\"@type\":\"BreadcrumbList\",\"@id\":\"https:\/\/embryoland.gr\/de\/einen-termin-buchen\/#breadcrumb\",\"itemListElement\":[{\"@type\":\"ListItem\",\"position\":1,\"name\":\"Home\",\"item\":\"https:\/\/embryoland.gr\/de\/\"},{\"@type\":\"ListItem\",\"position\":2,\"name\":\"Einen Termin buchen\"}]},{\"@type\":\"WebSite\",\"@id\":\"https:\/\/embryoland.gr\/de\/#website\",\"url\":\"https:\/\/embryoland.gr\/de\/\",\"name\":\"Embryoland\",\"description\":\"\",\"publisher\":{\"@id\":\"https:\/\/embryoland.gr\/de\/#organization\"},\"potentialAction\":[{\"@type\":\"SearchAction\",\"target\":{\"@type\":\"EntryPoint\",\"urlTemplate\":\"https:\/\/embryoland.gr\/de\/?s={search_term_string}\"},\"query-input\":\"required name=search_term_string\"}],\"inLanguage\":\"de\"},{\"@type\":\"Organization\",\"@id\":\"https:\/\/embryoland.gr\/de\/#organization\",\"name\":\"Embryoland\",\"url\":\"https:\/\/embryoland.gr\/de\/\",\"logo\":{\"@type\":\"ImageObject\",\"inLanguage\":\"de\",\"@id\":\"https:\/\/embryoland.gr\/de\/#\/schema\/logo\/image\/\",\"url\":\"https:\/\/embryoland.gr\/wp-content\/uploads\/2024\/05\/logo-embryoland.png\",\"contentUrl\":\"https:\/\/embryoland.gr\/wp-content\/uploads\/2024\/05\/logo-embryoland.png\",\"width\":330,\"height\":72,\"caption\":\"Embryoland\"},\"image\":{\"@id\":\"https:\/\/embryoland.gr\/de\/#\/schema\/logo\/image\/\"}}]}<\/script>\n<!-- \/ Yoast SEO plugin. -->","yoast_head_json":{"title":"Einen Termin buchen - Embryoland","description":"Einen Termin buchen - Embryoland","robots":{"index":"index","follow":"follow","max-snippet":"max-snippet:-1","max-image-preview":"max-image-preview:large","max-video-preview":"max-video-preview:-1"},"canonical":"https:\/\/embryoland.gr\/de\/einen-termin-buchen\/","og_locale":"de_DE","og_type":"article","og_title":"Einen Termin buchen - Embryoland","og_description":"Einen Termin buchen - Embryoland","og_url":"https:\/\/embryoland.gr\/de\/einen-termin-buchen\/","og_site_name":"Embryoland","article_modified_time":"2024-11-13T15:39:23+00:00","twitter_card":"summary_large_image","twitter_misc":{"Gesch\u00e4tzte Lesezeit":"1\u00a0Minute"},"schema":{"@context":"https:\/\/schema.org","@graph":[{"@type":"WebPage","@id":"https:\/\/embryoland.gr\/de\/einen-termin-buchen\/","url":"https:\/\/embryoland.gr\/de\/einen-termin-buchen\/","name":"Einen Termin buchen - Embryoland","isPartOf":{"@id":"https:\/\/embryoland.gr\/de\/#website"},"datePublished":"2024-05-17T08:19:47+00:00","dateModified":"2024-11-13T15:39:23+00:00","description":"Einen Termin buchen - Embryoland","breadcrumb":{"@id":"https:\/\/embryoland.gr\/de\/einen-termin-buchen\/#breadcrumb"},"inLanguage":"de","potentialAction":[{"@type":"ReadAction","target":["https:\/\/embryoland.gr\/de\/einen-termin-buchen\/"]}]},{"@type":"BreadcrumbList","@id":"https:\/\/embryoland.gr\/de\/einen-termin-buchen\/#breadcrumb","itemListElement":[{"@type":"ListItem","position":1,"name":"Home","item":"https:\/\/embryoland.gr\/de\/"},{"@type":"ListItem","position":2,"name":"Einen Termin buchen"}]},{"@type":"WebSite","@id":"https:\/\/embryoland.gr\/de\/#website","url":"https:\/\/embryoland.gr\/de\/","name":"Embryoland","description":"","publisher":{"@id":"https:\/\/embryoland.gr\/de\/#organization"},"potentialAction":[{"@type":"SearchAction","target":{"@type":"EntryPoint","urlTemplate":"https:\/\/embryoland.gr\/de\/?s={search_term_string}"},"query-input":"required name=search_term_string"}],"inLanguage":"de"},{"@type":"Organization","@id":"https:\/\/embryoland.gr\/de\/#organization","name":"Embryoland","url":"https:\/\/embryoland.gr\/de\/","logo":{"@type":"ImageObject","inLanguage":"de","@id":"https:\/\/embryoland.gr\/de\/#\/schema\/logo\/image\/","url":"https:\/\/embryoland.gr\/wp-content\/uploads\/2024\/05\/logo-embryoland.png","contentUrl":"https:\/\/embryoland.gr\/wp-content\/uploads\/2024\/05\/logo-embryoland.png","width":330,"height":72,"caption":"Embryoland"},"image":{"@id":"https:\/\/embryoland.gr\/de\/#\/schema\/logo\/image\/"}}]}},"_links":{"self":[{"href":"https:\/\/embryoland.gr\/de\/wp-json\/wp\/v2\/pages\/2594","targetHints":{"allow":["GET"]}}],"collection":[{"href":"https:\/\/embryoland.gr\/de\/wp-json\/wp\/v2\/pages"}],"about":[{"href":"https:\/\/embryoland.gr\/de\/wp-json\/wp\/v2\/types\/page"}],"author":[{"embeddable":true,"href":"https:\/\/embryoland.gr\/de\/wp-json\/wp\/v2\/users\/1"}],"replies":[{"embeddable":true,"href":"https:\/\/embryoland.gr\/de\/wp-json\/wp\/v2\/comments?post=2594"}],"version-history":[{"count":4,"href":"https:\/\/embryoland.gr\/de\/wp-json\/wp\/v2\/pages\/2594\/revisions"}],"predecessor-version":[{"id":2598,"href":"https:\/\/embryoland.gr\/de\/wp-json\/wp\/v2\/pages\/2594\/revisions\/2598"}],"wp:attachment":[{"href":"https:\/\/embryoland.gr\/de\/wp-json\/wp\/v2\/media?parent=2594"}],"curies":[{"name":"wp","href":"https:\/\/api.w.org\/{rel}","templated":true}]}}