{"id":2558,"date":"2024-05-31T13:50:28","date_gmt":"2024-05-31T10:50:28","guid":{"rendered":"https:\/\/embryoland.gr\/embryo-adoption\/"},"modified":"2024-11-20T19:07:39","modified_gmt":"2024-11-20T17:07:39","slug":"embryonen_spende","status":"publish","type":"page","link":"https:\/\/embryoland.gr\/de\/embryonen_spende\/","title":{"rendered":"Embryonenspende"},"content":{"rendered":"<div class=\"wpb-content-wrapper\"><p>[vc_section el_id=&#8220;service_1&#8243; conditional_render=&#8220;%5B%7B%22value_role%22%3A%22administrator%22%7D%5D&#8220;][vc_row conditional_render=&#8220;%5B%7B%22value_role%22%3A%22administrator%22%7D%5D&#8220; el_class=&#8220;w1600&#8243;][vc_column width=&#8220;7\/12&#8243;][vc_column_text css=&#8220;&#8220; el_class=&#8220;service_title&#8220;]Embryonenspende<br \/>\nin Griechenland[\/vc_column_text][vc_column_text css=&#8220;&#8220; el_class=&#8220;service_text&#8220;]Die Embryonenspende ist eine Variante der k\u00fcnstlichen Befruchtung. Mit den Samenzellen eines Spenders werden die Oozyten (Ova) einer anonymen Spenderin befruchtet. Bei dieser Therapie handelt es sich um eine L\u00f6sung f\u00fcr die Paare, bei denen die Partner aus verschiedenen Gr\u00fcnden weder zu einer Produktion von gesunden Samenzellen noch Eizellen f\u00e4hig sind.<\/p>\n<p>F\u00fcr Ihren ersten Behandlungszyklus werden Sie nur wenige Tage bei uns in Griechenland verbringen. W\u00e4hrend Ihres Aufenthalts lernen Sie unsere erfahrenen \u00c4rzte sowie das Sie betreuende Pflegteam kennen, die Sie umfassend \u00fcber alle wichtigen Aspekte Ihrer m\u00f6glichen Schwangerschaft informieren. Mit praktischen Ratschl\u00e4gen und individuellen Empfehlungen begleiten wir Sie Schritt f\u00fcr Schritt \u2013 von der Vorbereitung bis hin zur hoffentlich erfolgreichen Schwangerschaft.<\/p>\n<p>W\u00e4hrend Ihres Aufenthalts f\u00fchren wir alle notwendigen Laboruntersuchungen durch, und der eigentliche Embryotransfer wird sorgf\u00e4ltig geplant und durchgef\u00fchrt. Auf Wunsch organisieren wir gerne Ihren Transfer vom und zum Flughafen, um Ihren Aufenthalt so angenehm wie m\u00f6glich zu gestalten.<\/p>\n<p>Unser Behandlungskonzept zeichnet sich durch eine hohe klinische Schwangerschaftsrate pro Transfer eines sorgf\u00e4ltig ausgew\u00e4hlten Embryos aus. Bei uns liegt der Fokus nicht auf der Anzahl der transferierten Embryonen, sondern auf deren Qualit\u00e4t. Diese au\u00dfergew\u00f6hnlich hohen Erfolgsquoten erreichen wir durch die sorgf\u00e4ltige Auswahl von Spendern f\u00fcr Ei- und Samenzellen sowie durch modernste Laborstandards. Dadurch stellen wir sicher, dass ausschlie\u00dflich Blastozysten von h\u00f6chster Qualit\u00e4t verwendet werden \u2013 f\u00fcr die besten Voraussetzungen, Ihren Traum von einer Schwangerschaft wahr werden zu lassen.[\/vc_column_text][\/vc_column][vc_column width=&#8220;5\/12&#8243; el_class=&#8220;service_image&#8220; conditional_render=&#8220;%5B%7B%22value_role%22%3A%22administrator%22%7D%5D&#8220;][vc_single_image image=&#8220;768&#8243; img_size=&#8220;full&#8220; alignment=&#8220;right&#8220; css=&#8220;&#8220;][\/vc_column][\/vc_row][vc_row el_class=&#8220;w1600&#8243; conditional_render=&#8220;%5B%7B%22value_role%22%3A%22administrator%22%7D%5D&#8220;][vc_column][vc_column_text css=&#8220;&#8220; el_class=&#8220;service_subtitle&#8220;]Warum ist das Embryoland &#8211; Embryonenadoptionsprogramm so erfolgreich?[\/vc_column_text][vc_column_text css=&#8220;&#8220; el_class=&#8220;service_text&#8220;]<\/p>\n<ul>\n<li>Wir nutzen niemals Embryonen, die von Patientinnen im Rahmen einer Fruchtbarkeitsbehandlung gespendet werden, sodass bestehende Fertilit\u00e4tsprobleme nicht an das zuk\u00fcnftige Kind weitergegeben werden k\u00f6nnen.<\/li>\n<li>Wir nutzen ausschliesslich qualitativ hochwertige, frische Eizellen, die von unseren zuvor gr\u00fcndlich untersuchten jungen, gesunden und professionellen Eizellspenderinnen zur Verf\u00fcgung gestellt werden (keine IVF-Patientinnen!)<\/li>\n<li>Wir verwenden ausschlie\u00dflich <strong>qualitativ hochwertige, Kryokonservierungsf\u00e4hige Samenzellspenden,<\/strong> die von unseren zuvor <strong>sorgf\u00e4ltig gepr\u00fcften<\/strong> Samenspendern stammen.<\/li>\n<li>Unser Pr\u00fcfverfahren f\u00fcr potentielle Ei- und Samenzellspender ist au\u00dferordentlich streng und rigoros, wir akzeptieren weniger als 25 Prozent der Bewerbungen.<\/li>\n<li>Weil die gespendeten Embryonen aus einer frischen Eizellspende und den eingefrorenen und wieder aufgetauten Samenzellen unserer Samenzellspender entstehen, erfolgt die Befruchtung stets auf nat\u00fcrliche Art und Weise (indem die Ei- und Samenzellen einfach vermischt werden). Dadurch werden eine nat\u00fcrliche Selektion hinsichtlich der Befruchtung der Eizelle durch die Spermien als auch eine maximale Qualit\u00e4t des Embryos und eine hohe Erfolgsquote erzielt.<\/li>\n<\/ul>\n<p>M\u00f6chten Sie mit uns \u00fcber Ihre Bed\u00fcrfnisse sprechen, damit wir Ihnen eine fachlich fundierte Empfehlung hinsichtlich der besten Spendenoption geben k\u00f6nnen?[\/vc_column_text][\/vc_column][\/vc_row][\/vc_section][vc_section disable_element=&#8220;yes&#8220; el_id=&#8220;service_2&#8243; conditional_render=&#8220;%5B%7B%22value_role%22%3A%22administrator%22%7D%5D&#8220; css=&#8220;.vc_custom_1730297863948{background-color: #edf7fc !important;}&#8220;][vc_row el_class=&#8220;w1600&#8243; conditional_render=&#8220;%5B%7B%22value_role%22%3A%22administrator%22%7D%5D&#8220;][vc_column][vc_column_text css=&#8220;&#8220; el_class=&#8220;service_title&#8220;]Why is the Embryoland Embryo Adoption Program so successful? [\/vc_column_text][vc_column_text css=&#8220;&#8220; el_class=&#8220;service_subtitle&#8220;][\/vc_column_text][vc_column_text css=&#8220;&#8220; el_class=&#8220;service_text&#8220;]<\/p>\n<ul>\n<li>We use only high quality fresh eggs from our pre-screened young healthy\u00a0 egg donors (not IVF patients!)<\/li>\n<li>We use only high quality cryo-preserved donor sperm from our pre-screened sperm donors from different Sperm Banks<\/li>\n<li>Our screening process of potential egg and sperm donors is very strict and we accept less than 25% of applicants<\/li>\n<li>By creating donor embryos from fresh donor egg and frozen-thawed sperm, fertilisation always takes place through IVF method (by just mixing the eggs and sperm) which allows natural selection as to which sperm will fertilise the egg, provides maximal embryo quality and success rates.<\/li>\n<\/ul>\n<p>Read also about IVF &#8211; Embryo donation for single mothers and same sex couples.[\/vc_column_text][\/vc_column][\/vc_row][\/vc_section][vc_section el_id=&#8220;contact&#8220; conditional_render=&#8220;%5B%7B%22value_role%22%3A%22administrator%22%7D%5D&#8220;][vc_row][vc_column]<div class=\"porto-block\" data-id=\"2454\"><style>.calendar-box {\r\n  text-align: center;\r\n  padding: 20px;\r\n  border: 1px solid #ccc;\r\n  border-radius: 10px;\r\n  background-color: white;\r\n  box-shadow: 0 2px 10px rgba(0, 0, 0, 0.1);\r\n  width: 300px;\r\n}\r\n\r\n.calendar-title {\r\n  font-size: 18px;\r\n  margin-bottom: 10px;\r\n  color: #333;\r\n}\r\n\r\n.calendar {\r\n  background-color: white;\r\n  border-radius: 10px;\r\n  box-shadow: 0 2px 10px rgba(0, 0, 0, 0.1);\r\n  width: 300px;\r\n  position: absolute;\r\n  z-index: 1;\r\n  display: none;\r\n}\r\n\r\n.header {\r\n  background-color: #3498db;\r\n  color: white;\r\n  display: flex;\r\n  justify-content: space-between;\r\n  align-items: center;\r\n  padding: 10px;\r\n  border-top-left-radius: 10px;\r\n  border-top-right-radius: 10px;\r\n}\r\n\r\n#prevBtn,\r\n#nextBtn {\r\n  background: none;\r\n  border: none;\r\n  color: white;\r\n  cursor: pointer;\r\n  font-size: 16px;\r\n}\r\n\r\n#monthYear {\r\n  font-size: 18px;\r\n  font-weight: bold;\r\n}\r\n\r\n.days {\r\n  display: grid;\r\n  grid-template-columns: repeat(7, 1fr);\r\n  gap: 5px;\r\n  padding: 10px;\r\n}\r\n\r\n.day {\r\n  padding: 10px;\r\n  text-align: center;\r\n  border-radius: 5px;\r\n  cursor: pointer;\r\n}\r\n\r\n.day.current {\r\n  background-color: #3498db;\r\n  color: white;\r\n}\r\n\r\n.day.selected {\r\n  background-color: #2ecc71;\r\n  color: white;\r\n}\r\n\r\n#dateInput {\r\n  width: 100%;\r\n  padding: 10px;\r\n  border: 1px solid #ccc;\r\n  border-radius: 5px;\r\n  font-size: 14px;\r\n  outline: none;\r\n  cursor: pointer;\r\n}<\/style>[vc_row el_class=\"w1600\" conditional_render=\"%5B%7B%22value_role%22%3A%22administrator%22%7D%5D\"][vc_column width=\"1\/2\"][vc_row_inner][vc_column_inner][vc_column_text css=\"\" el_class=\"contact_title\"]<\/p>\r\n<div class=\"c-scrollbar__hider\" role=\"presentation\" data-qa=\"slack_kit_scrollbar\">\r\n<div class=\"c-scrollbar__child\" role=\"presentation\">\r\n<div class=\"c-virtual_list__scroll_container\" tabindex=\"-1\" role=\"list\" data-qa=\"slack_kit_list\" aria-label=\"Matina (direct message, active)\">\r\n<div id=\"1731512315.437009\" class=\"c-virtual_list__item\" tabindex=\"0\" role=\"listitem\" aria-setsize=\"-1\" data-qa=\"virtual-list-item\" data-item-key=\"1731512315.437009\">\r\n<div class=\"c-message_kit__background p-message_pane_message__message c-message_kit__message p-message_pane_message__message--last\" role=\"presentation\" data-qa=\"message_container\" data-qa-unprocessed=\"false\" data-qa-placeholder=\"false\">\r\n<div class=\"c-message_kit__hover\" role=\"document\" aria-roledescription=\"message\" data-qa-hover=\"true\">\r\n<div class=\"c-message_kit__actions c-message_kit__actions--default\">\r\n<div class=\"c-message_kit__gutter\">\r\n<div class=\"c-message_kit__gutter__right\" role=\"presentation\" data-qa=\"message_content\">\r\n<div class=\"c-message_kit__blocks c-message_kit__blocks--rich_text\">\r\n<div class=\"c-message__message_blocks c-message__message_blocks--rich_text\" data-qa=\"message-text\">\r\n<div class=\"p-block_kit_renderer\" data-qa=\"block-kit-renderer\">\r\n<div class=\"p-block_kit_renderer__block_wrapper p-block_kit_renderer__block_wrapper--first\">\r\n<div class=\"p-rich_text_block\" dir=\"auto\">\r\n<div class=\"p-rich_text_section\">Einen Termin buchen<\/div>\r\n<\/div>\r\n<\/div>\r\n<\/div>\r\n<\/div>\r\n<\/div>\r\n<\/div>\r\n<\/div>\r\n<\/div>\r\n<\/div>\r\n<\/div>\r\n<\/div>\r\n<\/div>\r\n<\/div>\r\n<\/div>\r\n<p>[\/vc_column_text][vc_column_text css=\"\" el_class=\"contact_text\"]Wir stehen Ihnen jederzeit zur Verf\u00fcgung, um Ihnen zu helfen und all Ihre Fragen zu beantworten.[\/vc_column_text][\/vc_column_inner][\/vc_row_inner][vc_row_inner][vc_column_inner][vc_column_text css=\"\" el_class=\"call_us_text contact call_us_text_eng\"]<span style=\"font-size: 12px;\">RUFEN SIE UNS AN<\/span><br \/>\r\n+30 210 777 99 20 \/ +30 210 691 12 00[\/vc_column_text][\/vc_column_inner][\/vc_row_inner][\/vc_column][vc_column width=\"1\/2\"][vc_row_inner][vc_column_inner][vc_column_text css=\"\"]\n<div class=\"wpcf7 no-js\" id=\"wpcf7-f2443-o1\" lang=\"de-DE\" dir=\"ltr\">\n<div class=\"screen-reader-response\"><p role=\"status\" aria-live=\"polite\" aria-atomic=\"true\"><\/p> <ul><\/ul><\/div>\n<form action=\"\/de\/wp-json\/wp\/v2\/pages\/2558#wpcf7-f2443-o1\" method=\"post\" class=\"wpcf7-form init\" aria-label=\"Contact form\" novalidate=\"novalidate\" data-status=\"init\">\n<div style=\"display: none;\">\n<input type=\"hidden\" name=\"_wpcf7\" value=\"2443\" \/>\n<input type=\"hidden\" name=\"_wpcf7_version\" value=\"5.9.4\" \/>\n<input type=\"hidden\" name=\"_wpcf7_locale\" value=\"de_DE\" \/>\n<input type=\"hidden\" name=\"_wpcf7_unit_tag\" value=\"wpcf7-f2443-o1\" \/>\n<input type=\"hidden\" name=\"_wpcf7_container_post\" value=\"0\" \/>\n<input type=\"hidden\" name=\"_wpcf7_posted_data_hash\" value=\"\" \/>\n<\/div>\n<div id=\"contact_form\">\n<div class=\"contact_row\">\n  <label for=\"name\"> Full Name*\n      <span class=\"wpcf7-form-control-wrap\" data-name=\"your-name\"><input size=\"40\" class=\"wpcf7-form-control wpcf7-text wpcf7-validates-as-required\" id=\"name\" autocomplete=\"name\" aria-required=\"true\" aria-invalid=\"false\" value=\"\" type=\"text\" name=\"your-name\" \/><\/span> \n  <\/label>\n\n  <label for=\"telephone\"> Telephone*\n      <span class=\"wpcf7-form-control-wrap\" data-name=\"tel-858\"><input size=\"40\" class=\"wpcf7-form-control wpcf7-tel wpcf7-validates-as-required wpcf7-text wpcf7-validates-as-tel\" id=\"telephone\" aria-required=\"true\" aria-invalid=\"false\" value=\"\" type=\"tel\" name=\"tel-858\" \/><\/span>\n  <\/label>\n<\/div>\n\n<div class=\"contact_row\">\n  <label for=\"email\"> Email*\n      <span class=\"wpcf7-form-control-wrap\" data-name=\"your-email\"><input size=\"40\" class=\"wpcf7-form-control wpcf7-email wpcf7-validates-as-required wpcf7-text wpcf7-validates-as-email\" id=\"email\" autocomplete=\"email\" aria-required=\"true\" aria-invalid=\"false\" value=\"\" type=\"email\" name=\"your-email\" \/><\/span> \n  <\/label>\n\n  <label for=\"country\"> Country\n      <span class=\"wpcf7-form-control-wrap\" data-name=\"text-784\"><input size=\"40\" class=\"wpcf7-form-control wpcf7-text\" id=\"country\" aria-invalid=\"false\" value=\"\" type=\"text\" name=\"text-784\" \/><\/span>\n  <\/label>\n<\/div>\n\n<div class=\"contact_row_2\">\n  <label for=\"mhnyma\"> Message* \n      <span class=\"wpcf7-form-control-wrap\" data-name=\"textarea-219\"><textarea cols=\"40\" rows=\"10\" class=\"wpcf7-form-control wpcf7-textarea wpcf7-validates-as-required\" id=\"mhnyma\" aria-required=\"true\" aria-invalid=\"false\" name=\"textarea-219\"><\/textarea><\/span>\n  <\/label>\n<\/div>\n\n<div class=\"contact_row_2\">\n  <input class=\"wpcf7-form-control wpcf7-submit has-spinner\" type=\"submit\" value=\"SEND\" \/>\n<\/div><div class=\"wpcf7-response-output\" aria-hidden=\"true\"><\/div>\n<\/form>\n<\/div>\n[\/vc_column_text][\/vc_column_inner][\/vc_row_inner][\/vc_column][\/vc_row]<\/div>[\/vc_column][\/vc_row][\/vc_section]<\/p>\n<\/div>","protected":false},"excerpt":{"rendered":"<p>[vc_section el_id=&#8220;service_1&#8243; conditional_render=&#8220;%5B%7B%22value_role%22%3A%22administrator%22%7D%5D&#8220;][vc_row conditional_render=&#8220;%5B%7B%22value_role%22%3A%22administrator%22%7D%5D&#8220; el_class=&#8220;w1600&#8243;][vc_column width=&#8220;7\/12&#8243;][vc_column_text css=&#8220;&#8220; el_class=&#8220;service_title&#8220;]Embryonenspende in Griechenland[\/vc_column_text][vc_column_text css=&#8220;&#8220; el_class=&#8220;service_text&#8220;]Die Embryonenspende ist eine Variante der k\u00fcnstlichen Befruchtung. Mit den Samenzellen eines Spenders werden die Oozyten (Ova) einer anonymen Spenderin befruchtet. Bei dieser Therapie handelt es sich um eine L\u00f6sung f\u00fcr die Paare, bei denen die Partner aus verschiedenen Gr\u00fcnden weder zu einer Produktion [&hellip;]<\/p>\n","protected":false},"author":1,"featured_media":0,"parent":0,"menu_order":0,"comment_status":"closed","ping_status":"closed","template":"","meta":{"_acf_changed":false,"footnotes":""},"class_list":["post-2558","page","type-page","status-publish","hentry"],"acf":[],"yoast_head":"<!-- This site is optimized with the Yoast SEO plugin v22.7 - https:\/\/yoast.com\/wordpress\/plugins\/seo\/ -->\n<title>Embryonenspende<\/title>\n<meta name=\"description\" content=\"Embryonenspende - Embryoland\" \/>\n<meta name=\"robots\" content=\"index, follow, max-snippet:-1, max-image-preview:large, max-video-preview:-1\" \/>\n<link rel=\"canonical\" href=\"https:\/\/embryoland.gr\/de\/embryonen_spende\/\" \/>\n<meta property=\"og:locale\" content=\"de_DE\" \/>\n<meta property=\"og:type\" content=\"article\" \/>\n<meta property=\"og:title\" content=\"Embryonenspende\" \/>\n<meta property=\"og:description\" content=\"Embryonenspende - Embryoland\" \/>\n<meta property=\"og:url\" content=\"https:\/\/embryoland.gr\/de\/embryonen_spende\/\" \/>\n<meta property=\"og:site_name\" content=\"Embryoland\" \/>\n<meta property=\"article:modified_time\" content=\"2024-11-20T17:07:39+00:00\" \/>\n<meta name=\"twitter:card\" content=\"summary_large_image\" \/>\n<meta name=\"twitter:label1\" content=\"Gesch\u00e4tzte Lesezeit\" \/>\n\t<meta name=\"twitter:data1\" content=\"4\u00a0Minuten\" \/>\n<script type=\"application\/ld+json\" class=\"yoast-schema-graph\">{\"@context\":\"https:\/\/schema.org\",\"@graph\":[{\"@type\":\"WebPage\",\"@id\":\"https:\/\/embryoland.gr\/de\/embryonen_spende\/\",\"url\":\"https:\/\/embryoland.gr\/de\/embryonen_spende\/\",\"name\":\"Embryonenspende\",\"isPartOf\":{\"@id\":\"https:\/\/embryoland.gr\/de\/#website\"},\"datePublished\":\"2024-05-31T10:50:28+00:00\",\"dateModified\":\"2024-11-20T17:07:39+00:00\",\"description\":\"Embryonenspende - Embryoland\",\"breadcrumb\":{\"@id\":\"https:\/\/embryoland.gr\/de\/embryonen_spende\/#breadcrumb\"},\"inLanguage\":\"de\",\"potentialAction\":[{\"@type\":\"ReadAction\",\"target\":[\"https:\/\/embryoland.gr\/de\/embryonen_spende\/\"]}]},{\"@type\":\"BreadcrumbList\",\"@id\":\"https:\/\/embryoland.gr\/de\/embryonen_spende\/#breadcrumb\",\"itemListElement\":[{\"@type\":\"ListItem\",\"position\":1,\"name\":\"Home\",\"item\":\"https:\/\/embryoland.gr\/de\/\"},{\"@type\":\"ListItem\",\"position\":2,\"name\":\"Embryonenspende\"}]},{\"@type\":\"WebSite\",\"@id\":\"https:\/\/embryoland.gr\/de\/#website\",\"url\":\"https:\/\/embryoland.gr\/de\/\",\"name\":\"Embryoland\",\"description\":\"\",\"publisher\":{\"@id\":\"https:\/\/embryoland.gr\/de\/#organization\"},\"potentialAction\":[{\"@type\":\"SearchAction\",\"target\":{\"@type\":\"EntryPoint\",\"urlTemplate\":\"https:\/\/embryoland.gr\/de\/?s={search_term_string}\"},\"query-input\":\"required name=search_term_string\"}],\"inLanguage\":\"de\"},{\"@type\":\"Organization\",\"@id\":\"https:\/\/embryoland.gr\/de\/#organization\",\"name\":\"Embryoland\",\"url\":\"https:\/\/embryoland.gr\/de\/\",\"logo\":{\"@type\":\"ImageObject\",\"inLanguage\":\"de\",\"@id\":\"https:\/\/embryoland.gr\/de\/#\/schema\/logo\/image\/\",\"url\":\"https:\/\/embryoland.gr\/wp-content\/uploads\/2024\/05\/logo-embryoland.png\",\"contentUrl\":\"https:\/\/embryoland.gr\/wp-content\/uploads\/2024\/05\/logo-embryoland.png\",\"width\":330,\"height\":72,\"caption\":\"Embryoland\"},\"image\":{\"@id\":\"https:\/\/embryoland.gr\/de\/#\/schema\/logo\/image\/\"}}]}<\/script>\n<!-- \/ Yoast SEO plugin. -->","yoast_head_json":{"title":"Embryonenspende","description":"Embryonenspende - Embryoland","robots":{"index":"index","follow":"follow","max-snippet":"max-snippet:-1","max-image-preview":"max-image-preview:large","max-video-preview":"max-video-preview:-1"},"canonical":"https:\/\/embryoland.gr\/de\/embryonen_spende\/","og_locale":"de_DE","og_type":"article","og_title":"Embryonenspende","og_description":"Embryonenspende - Embryoland","og_url":"https:\/\/embryoland.gr\/de\/embryonen_spende\/","og_site_name":"Embryoland","article_modified_time":"2024-11-20T17:07:39+00:00","twitter_card":"summary_large_image","twitter_misc":{"Gesch\u00e4tzte Lesezeit":"4\u00a0Minuten"},"schema":{"@context":"https:\/\/schema.org","@graph":[{"@type":"WebPage","@id":"https:\/\/embryoland.gr\/de\/embryonen_spende\/","url":"https:\/\/embryoland.gr\/de\/embryonen_spende\/","name":"Embryonenspende","isPartOf":{"@id":"https:\/\/embryoland.gr\/de\/#website"},"datePublished":"2024-05-31T10:50:28+00:00","dateModified":"2024-11-20T17:07:39+00:00","description":"Embryonenspende - Embryoland","breadcrumb":{"@id":"https:\/\/embryoland.gr\/de\/embryonen_spende\/#breadcrumb"},"inLanguage":"de","potentialAction":[{"@type":"ReadAction","target":["https:\/\/embryoland.gr\/de\/embryonen_spende\/"]}]},{"@type":"BreadcrumbList","@id":"https:\/\/embryoland.gr\/de\/embryonen_spende\/#breadcrumb","itemListElement":[{"@type":"ListItem","position":1,"name":"Home","item":"https:\/\/embryoland.gr\/de\/"},{"@type":"ListItem","position":2,"name":"Embryonenspende"}]},{"@type":"WebSite","@id":"https:\/\/embryoland.gr\/de\/#website","url":"https:\/\/embryoland.gr\/de\/","name":"Embryoland","description":"","publisher":{"@id":"https:\/\/embryoland.gr\/de\/#organization"},"potentialAction":[{"@type":"SearchAction","target":{"@type":"EntryPoint","urlTemplate":"https:\/\/embryoland.gr\/de\/?s={search_term_string}"},"query-input":"required name=search_term_string"}],"inLanguage":"de"},{"@type":"Organization","@id":"https:\/\/embryoland.gr\/de\/#organization","name":"Embryoland","url":"https:\/\/embryoland.gr\/de\/","logo":{"@type":"ImageObject","inLanguage":"de","@id":"https:\/\/embryoland.gr\/de\/#\/schema\/logo\/image\/","url":"https:\/\/embryoland.gr\/wp-content\/uploads\/2024\/05\/logo-embryoland.png","contentUrl":"https:\/\/embryoland.gr\/wp-content\/uploads\/2024\/05\/logo-embryoland.png","width":330,"height":72,"caption":"Embryoland"},"image":{"@id":"https:\/\/embryoland.gr\/de\/#\/schema\/logo\/image\/"}}]}},"_links":{"self":[{"href":"https:\/\/embryoland.gr\/de\/wp-json\/wp\/v2\/pages\/2558","targetHints":{"allow":["GET"]}}],"collection":[{"href":"https:\/\/embryoland.gr\/de\/wp-json\/wp\/v2\/pages"}],"about":[{"href":"https:\/\/embryoland.gr\/de\/wp-json\/wp\/v2\/types\/page"}],"author":[{"embeddable":true,"href":"https:\/\/embryoland.gr\/de\/wp-json\/wp\/v2\/users\/1"}],"replies":[{"embeddable":true,"href":"https:\/\/embryoland.gr\/de\/wp-json\/wp\/v2\/comments?post=2558"}],"version-history":[{"count":8,"href":"https:\/\/embryoland.gr\/de\/wp-json\/wp\/v2\/pages\/2558\/revisions"}],"predecessor-version":[{"id":2909,"href":"https:\/\/embryoland.gr\/de\/wp-json\/wp\/v2\/pages\/2558\/revisions\/2909"}],"wp:attachment":[{"href":"https:\/\/embryoland.gr\/de\/wp-json\/wp\/v2\/media?parent=2558"}],"curies":[{"name":"wp","href":"https:\/\/api.w.org\/{rel}","templated":true}]}}