{"id":2556,"date":"2024-05-20T16:38:41","date_gmt":"2024-05-20T13:38:41","guid":{"rendered":"https:\/\/embryoland.gr\/testimonials-2\/"},"modified":"2024-11-14T17:18:01","modified_gmt":"2024-11-14T15:18:01","slug":"patienten-feedback","status":"publish","type":"page","link":"https:\/\/embryoland.gr\/de\/patienten-feedback\/","title":{"rendered":"Patienten Feedback"},"content":{"rendered":"<div class=\"wpb-content-wrapper\"><p>[vc_section el_id=&#8220;testimonials_1&#8243; conditional_render=&#8220;%5B%7B%22value_role%22%3A%22administrator%22%7D%5D&#8220;][vc_row el_class=&#8220;w1600&#8243; conditional_render=&#8220;%5B%7B%22value_role%22%3A%22administrator%22%7D%5D&#8220;][vc_column][vc_column_text css=&#8220;&#8220; el_class=&#8220;service_title&#8220;]Patienten Feedback[\/vc_column_text][vc_column_text css=&#8220;&#8220;]<div class=\"strong-view strong-view-id-2 modern wpmtst-modern\" data-count=7><div class=\"strong-content strong-normal columns-1\"><div class=\"wpmtst-testimonial testimonial post-2375\"><div class=\"wpmtst-testimonial-inner testimonial-inner\"><div   class=\"wpmtst-testimonial-content  testimonial-content\"><p>[vc_row][vc_column][vc_column_text css=&#8220;&#8220; el_class=&#8220;testimonial_inner&#8220;]Mein Lebenspartner und ich waren froh, dass wir die Therapie im Kinderwunschzentrum in Athen durchf\u00fchren konnten, ohne dass wir gezwungen waren, der Therapie wegen zu heiraten. F\u00fcr uns war es ideal, dass ein Teil der Stimulation von meinem Frauenarzt in Deutschland \u00fcberwacht wurde. Luisa macht bereits die ersten Schritte! Herzlichen Dank an das Team von Dr. Kanakas und die rundum gute Betreuung![\/vc_column_text][\/vc_column][\/vc_row]<\/p><\/div><div class=\"wpmtst-testimonial-field testimonial-field testimonial-name\">Marina H. &amp; Joerg T. mit Luisa<\/div><div class=\"clear\"><\/div><\/div><\/div><div class=\"wpmtst-testimonial testimonial post-2374\"><div class=\"wpmtst-testimonial-inner testimonial-inner\"><div   class=\"wpmtst-testimonial-content  testimonial-content\"><p>[vc_row][vc_column][vc_column_text css=&#8220;&#8220; el_class=&#8220;testimonial_inner&#8220;]Unsere beiden Zwillingen sind jetzt schon beinahe 2 Jahre alt. Unsere Zwillinge sind Eizellenspende Kinder. Wir sind so gl\u00fccklich! Wir haben uns f\u00fcr Embryoland in Athen entscheiden, denn das Team von Herrn Dr. Kanakas ist sehr professionell, einf\u00fchlsam und sehr hilfsbereit. Wir mussten 2 Behandlungen durchf\u00fchren und beim zweiten mal, wo ich eigentlich gar nicht mehr damit gerechnet habe, hat es geklappt! Ich habe jetzt die \u00fcbrigen eingefrorenen Embryonen spenden lassen. 2 gesunde Kinder sind genug![\/vc_column_text][\/vc_column][\/vc_row]<\/p><\/div><div class=\"wpmtst-testimonial-field testimonial-field testimonial-name\">Tina und Harald <\/div><div class=\"wpmtst-testimonial-field testimonial-field testimonial-company\">Deutschland<\/div><div class=\"clear\"><\/div><\/div><\/div><div class=\"wpmtst-testimonial testimonial post-2373\"><div class=\"wpmtst-testimonial-inner testimonial-inner\"><div   class=\"wpmtst-testimonial-content  testimonial-content\"><p>[vc_row][vc_column][vc_column_text css=&#8220;&#8220; el_class=&#8220;testimonial_inner&#8220;]F\u00fcr uns war es wichtig, w\u00e4hrend der ganzen Behandlung denselben Arzt als Ansprechpartner zu haben. Obwohl es bei uns erst beim zweiten Mal klappte, f\u00fchlten wir uns immer sehr gut betreut. Unsere speziellen W\u00fcnsche wurden ber\u00fccksichtigt. Sch\u00f6n war auch, dass mein Mann bei der Follikelpunktion dabei sein konnte. Wir sp\u00fcrten, dass sich das ganze Team des Kinderwunschzentrums Athen \u00fcber die Geburt unseres Sohnes freute.[\/vc_column_text][\/vc_column][\/vc_row]<\/p><\/div><div class=\"wpmtst-testimonial-field testimonial-field testimonial-name\">Familie Traber mit Tobias<\/div><div class=\"clear\"><\/div><\/div><\/div><div class=\"wpmtst-testimonial testimonial post-2372\"><div class=\"wpmtst-testimonial-inner testimonial-inner\"><div   class=\"wpmtst-testimonial-content  testimonial-content\"><p>[vc_row][vc_column][vc_column_text css=&#8220;&#8220; el_class=&#8220;testimonial_inner&#8220;]G\u00e4be es Dr. Kanakas ud sein Team von Embryoland nicht, g\u00e4be es meinen Sohn nicht ! Daher bin ich Dr. Kanakas und seinem Team unendlich dankbar<br \/>\nNach Fehlversuchen in Tschechien kam ich zu Dr. Kanakas &#8211; das Beste was mir je passieren konnte &#8211; !<\/p><p>Trotz fortgeschrittenem Alter und Post Menopause schaffte es Dr. Kanakas bei 2. Anlauf das ich schwanger wurde (EMS). Die Schwangerschaft war absolut komplikationslos. Im M\u00e4rz 2024 wurde mein Sohn geboren.<\/p><p>Ein gesundes, fr\u00f6hliches Baby.<\/p><p>Anderen Kliniken geht es haupts\u00e4chlich ums Geld, nicht Dr. Kanakas, dem ist das Gl\u00fcck der werdenden Mutter \/ Eltern wichtiger. Er hat 40 Jahre Erfahrung auf dem Gebiet der Reproduktionsmedizin und wei\u00df genau was er tut. Zudem spricht er perfekt Deutsch und Englisch. Die Mitarbeiterinnen in der Klinik sind \u00fcberaus zuvorkommend und freundlich und sprechend ebenfalls zumindest Englisch. Die Krankenschwestern arbeiten seit vielen Jahren mit Dr. Kanakas zusammen. Ich kann Dr. Kanakas ind sein Team im Embryoland zu 1000% empfehlen.[\/vc_column_text][\/vc_column][\/vc_row]<\/p><\/div><div class=\"wpmtst-testimonial-field testimonial-field testimonial-name\">Michaela<\/div><div class=\"wpmtst-testimonial-field testimonial-field testimonial-company\">Deutschland<\/div><div class=\"clear\"><\/div><\/div><\/div><div class=\"wpmtst-testimonial testimonial post-2371\"><div class=\"wpmtst-testimonial-inner testimonial-inner\"><div   class=\"wpmtst-testimonial-content  testimonial-content\"><p>[vc_row][vc_column][vc_column_text css=&#8220;&#8220; el_class=&#8220;testimonial_inner&#8220;]Mitten in der Covid-19-Pandemie machte ich einen Vertrauenssprung und ging aus Australien nach Embryoland in der Hoffnung, schwanger zu werden. Dr. Kanakas ist anders als jeder Fruchtbarkeitsarzt, den ich zuvor getroffen habe. Er ist freundlich, sehr f\u00e4hig und geht mit seinen Patienten aufrichtig um. Und das Personal dort ist au\u00dfergew\u00f6hnlich. Wenn Sie daran denken, sich einer Fruchtbarkeitsbehandlung in \u00dcbersee zu unterziehen, gehen Sie nirgendwo anders hin. Ich kann nicht besser \u00fcber Dr. Kanakas, die Wissenschaftler und das Pflegepersonal im Embryoland sprechen.[\/vc_column_text][\/vc_column][\/vc_row]<\/p><\/div><div class=\"wpmtst-testimonial-field testimonial-field testimonial-name\">Anita Colak<\/div><div class=\"wpmtst-testimonial-field testimonial-field testimonial-company\">Australia<\/div><div class=\"clear\"><\/div><\/div><\/div><div class=\"wpmtst-testimonial testimonial post-2370\"><div class=\"wpmtst-testimonial-inner testimonial-inner\"><div   class=\"wpmtst-testimonial-content  testimonial-content\"><p>[vc_row][vc_column][vc_column_text css=&#8220;&#8220; el_class=&#8220;testimonial_inner&#8220;]Hallo, mein Name ist Marika. Mein Mann Samuele und ich besuchten Dr. Nikos und sein Team im November vor 5 Jahren im Embryoland. Er ist der leidenschaftlichste, liebevollste und f\u00fcrsorglichste Arzt, den ich je getroffen habe! Wirklich, Dr. Nikos und sein Team sind hochprofessionell und haben unsere IVF-Reise zur sch\u00f6nsten Erfahrung gemacht. Wir bekamen ein kleines M\u00e4dchen, das jetzt fast f\u00fcnf Jahre alt ist, und wir kehren im Dezember zur\u00fcck, um unser zweites Baby zu bekommen! Wir sind so aufgeregt und k\u00f6nnen es kaum erwarten, Dr. Nikos und sein Team wiederzusehen und unsere Tochter vorzustellen. Ich kann diese IVF-Reise jedem Elternteil w\u00e4rmstens empfehlen, der m\u00f6chte, dass seine IVF-Reise wahr wird! Vielen Dank, Embryoland, und bis bald![\/vc_column_text][\/vc_column][\/vc_row]<\/p><\/div><div class=\"wpmtst-testimonial-field testimonial-field testimonial-name\">Marika Roccazzello<\/div><div class=\"clear\"><\/div><\/div><\/div><div class=\"wpmtst-testimonial testimonial post-2369\"><div class=\"wpmtst-testimonial-inner testimonial-inner\"><div   class=\"wpmtst-testimonial-content  testimonial-content\"><p>[vc_row][vc_column][vc_column_text css=&#8220;&#8220; el_class=&#8220;testimonial_inner&#8220;]Ich habe jahrelang darum gek\u00e4mpft, einen Arzt zu finden, der mir helfen konnte, bis ich diesen Arzt Dr. med. entdeckte. Nikos Kanakas online mit bemerkenswerten Rezensionen. Ich bin dem Arzt und seinen Mitarbeitern so dankbar f\u00fcr ihre vorbildliche Praxis, ihre aufrichtige Unterst\u00fctzung und daf\u00fcr, dass das Wohlergehen der Patienten Vorrang vor dem finanziellen Gewinn hat. Ich war schockiert, als ich von den Ergebnissen meiner Schwangerschaft erfuhr, denn es war der erste Versuch. Ich bin so gl\u00fccklich mit meiner Kleinen, wir kommen auf jeden Fall wieder. Arzt Dr. med. Nikos Kanakas, vielen Dank und Gott segne Sie. Ich kann diesen Arzt auf jeden Fall weiterempfehlen.[\/vc_column_text][\/vc_column][\/vc_row]<\/p><\/div><div class=\"wpmtst-testimonial-field testimonial-field testimonial-name\">Sarah Emmanuel<\/div><div class=\"clear\"><\/div><\/div><\/div><\/div><\/div>[\/vc_column_text][\/vc_column][\/vc_row][\/vc_section][vc_section el_id=\"contact\" conditional_render=\"%5B%7B%22value_role%22%3A%22administrator%22%7D%5D\"][vc_row][vc_column]<div class=\"porto-block\" data-id=\"2454\"><style>.calendar-box {\r\n  text-align: center;\r\n  padding: 20px;\r\n  border: 1px solid #ccc;\r\n  border-radius: 10px;\r\n  background-color: white;\r\n  box-shadow: 0 2px 10px rgba(0, 0, 0, 0.1);\r\n  width: 300px;\r\n}\r\n\r\n.calendar-title {\r\n  font-size: 18px;\r\n  margin-bottom: 10px;\r\n  color: #333;\r\n}\r\n\r\n.calendar {\r\n  background-color: white;\r\n  border-radius: 10px;\r\n  box-shadow: 0 2px 10px rgba(0, 0, 0, 0.1);\r\n  width: 300px;\r\n  position: absolute;\r\n  z-index: 1;\r\n  display: none;\r\n}\r\n\r\n.header {\r\n  background-color: #3498db;\r\n  color: white;\r\n  display: flex;\r\n  justify-content: space-between;\r\n  align-items: center;\r\n  padding: 10px;\r\n  border-top-left-radius: 10px;\r\n  border-top-right-radius: 10px;\r\n}\r\n\r\n#prevBtn,\r\n#nextBtn {\r\n  background: none;\r\n  border: none;\r\n  color: white;\r\n  cursor: pointer;\r\n  font-size: 16px;\r\n}\r\n\r\n#monthYear {\r\n  font-size: 18px;\r\n  font-weight: bold;\r\n}\r\n\r\n.days {\r\n  display: grid;\r\n  grid-template-columns: repeat(7, 1fr);\r\n  gap: 5px;\r\n  padding: 10px;\r\n}\r\n\r\n.day {\r\n  padding: 10px;\r\n  text-align: center;\r\n  border-radius: 5px;\r\n  cursor: pointer;\r\n}\r\n\r\n.day.current {\r\n  background-color: #3498db;\r\n  color: white;\r\n}\r\n\r\n.day.selected {\r\n  background-color: #2ecc71;\r\n  color: white;\r\n}\r\n\r\n#dateInput {\r\n  width: 100%;\r\n  padding: 10px;\r\n  border: 1px solid #ccc;\r\n  border-radius: 5px;\r\n  font-size: 14px;\r\n  outline: none;\r\n  cursor: pointer;\r\n}<\/style>[vc_row el_class=\"w1600\" conditional_render=\"%5B%7B%22value_role%22%3A%22administrator%22%7D%5D\"][vc_column width=\"1\/2\"][vc_row_inner][vc_column_inner][vc_column_text css=\"\" el_class=\"contact_title\"]<\/p>\r\n<div class=\"c-scrollbar__hider\" role=\"presentation\" data-qa=\"slack_kit_scrollbar\">\r\n<div class=\"c-scrollbar__child\" role=\"presentation\">\r\n<div class=\"c-virtual_list__scroll_container\" tabindex=\"-1\" role=\"list\" data-qa=\"slack_kit_list\" aria-label=\"Matina (direct message, active)\">\r\n<div id=\"1731512315.437009\" class=\"c-virtual_list__item\" tabindex=\"0\" role=\"listitem\" aria-setsize=\"-1\" data-qa=\"virtual-list-item\" data-item-key=\"1731512315.437009\">\r\n<div class=\"c-message_kit__background p-message_pane_message__message c-message_kit__message p-message_pane_message__message--last\" role=\"presentation\" data-qa=\"message_container\" data-qa-unprocessed=\"false\" data-qa-placeholder=\"false\">\r\n<div class=\"c-message_kit__hover\" role=\"document\" aria-roledescription=\"message\" data-qa-hover=\"true\">\r\n<div class=\"c-message_kit__actions c-message_kit__actions--default\">\r\n<div class=\"c-message_kit__gutter\">\r\n<div class=\"c-message_kit__gutter__right\" role=\"presentation\" data-qa=\"message_content\">\r\n<div class=\"c-message_kit__blocks c-message_kit__blocks--rich_text\">\r\n<div class=\"c-message__message_blocks c-message__message_blocks--rich_text\" data-qa=\"message-text\">\r\n<div class=\"p-block_kit_renderer\" data-qa=\"block-kit-renderer\">\r\n<div class=\"p-block_kit_renderer__block_wrapper p-block_kit_renderer__block_wrapper--first\">\r\n<div class=\"p-rich_text_block\" dir=\"auto\">\r\n<div class=\"p-rich_text_section\">Einen Termin buchen<\/div>\r\n<\/div>\r\n<\/div>\r\n<\/div>\r\n<\/div>\r\n<\/div>\r\n<\/div>\r\n<\/div>\r\n<\/div>\r\n<\/div>\r\n<\/div>\r\n<\/div>\r\n<\/div>\r\n<\/div>\r\n<\/div>\r\n<p>[\/vc_column_text][vc_column_text css=\"\" el_class=\"contact_text\"]Wir stehen Ihnen jederzeit zur Verf\u00fcgung, um Ihnen zu helfen und all Ihre Fragen zu beantworten.[\/vc_column_text][\/vc_column_inner][\/vc_row_inner][vc_row_inner][vc_column_inner][vc_column_text css=\"\" el_class=\"call_us_text contact call_us_text_eng\"]<span style=\"font-size: 12px;\">RUFEN SIE UNS AN<\/span><br \/>\r\n+30 210 777 99 20 \/ +30 210 691 12 00[\/vc_column_text][\/vc_column_inner][\/vc_row_inner][\/vc_column][vc_column width=\"1\/2\"][vc_row_inner][vc_column_inner][vc_column_text css=\"\"]\n<div class=\"wpcf7 no-js\" id=\"wpcf7-f2443-o1\" lang=\"de-DE\" dir=\"ltr\">\n<div class=\"screen-reader-response\"><p role=\"status\" aria-live=\"polite\" aria-atomic=\"true\"><\/p> <ul><\/ul><\/div>\n<form action=\"\/de\/wp-json\/wp\/v2\/pages\/2556#wpcf7-f2443-o1\" method=\"post\" class=\"wpcf7-form init\" aria-label=\"Contact form\" novalidate=\"novalidate\" data-status=\"init\">\n<div style=\"display: none;\">\n<input type=\"hidden\" name=\"_wpcf7\" value=\"2443\" \/>\n<input type=\"hidden\" name=\"_wpcf7_version\" value=\"5.9.4\" \/>\n<input type=\"hidden\" name=\"_wpcf7_locale\" value=\"de_DE\" \/>\n<input type=\"hidden\" name=\"_wpcf7_unit_tag\" value=\"wpcf7-f2443-o1\" \/>\n<input type=\"hidden\" name=\"_wpcf7_container_post\" value=\"0\" \/>\n<input type=\"hidden\" name=\"_wpcf7_posted_data_hash\" value=\"\" \/>\n<\/div>\n<div id=\"contact_form\">\n<div class=\"contact_row\">\n  <label for=\"name\"> Full Name*\n      <span class=\"wpcf7-form-control-wrap\" data-name=\"your-name\"><input size=\"40\" class=\"wpcf7-form-control wpcf7-text wpcf7-validates-as-required\" id=\"name\" autocomplete=\"name\" aria-required=\"true\" aria-invalid=\"false\" value=\"\" type=\"text\" name=\"your-name\" \/><\/span> \n  <\/label>\n\n  <label for=\"telephone\"> Telephone*\n      <span class=\"wpcf7-form-control-wrap\" data-name=\"tel-858\"><input size=\"40\" class=\"wpcf7-form-control wpcf7-tel wpcf7-validates-as-required wpcf7-text wpcf7-validates-as-tel\" id=\"telephone\" aria-required=\"true\" aria-invalid=\"false\" value=\"\" type=\"tel\" name=\"tel-858\" \/><\/span>\n  <\/label>\n<\/div>\n\n<div class=\"contact_row\">\n  <label for=\"email\"> Email*\n      <span class=\"wpcf7-form-control-wrap\" data-name=\"your-email\"><input size=\"40\" class=\"wpcf7-form-control wpcf7-email wpcf7-validates-as-required wpcf7-text wpcf7-validates-as-email\" id=\"email\" autocomplete=\"email\" aria-required=\"true\" aria-invalid=\"false\" value=\"\" type=\"email\" name=\"your-email\" \/><\/span> \n  <\/label>\n\n  <label for=\"country\"> Country\n      <span class=\"wpcf7-form-control-wrap\" data-name=\"text-784\"><input size=\"40\" class=\"wpcf7-form-control wpcf7-text\" id=\"country\" aria-invalid=\"false\" value=\"\" type=\"text\" name=\"text-784\" \/><\/span>\n  <\/label>\n<\/div>\n\n<div class=\"contact_row_2\">\n  <label for=\"mhnyma\"> Message* \n      <span class=\"wpcf7-form-control-wrap\" data-name=\"textarea-219\"><textarea cols=\"40\" rows=\"10\" class=\"wpcf7-form-control wpcf7-textarea wpcf7-validates-as-required\" id=\"mhnyma\" aria-required=\"true\" aria-invalid=\"false\" name=\"textarea-219\"><\/textarea><\/span>\n  <\/label>\n<\/div>\n\n<div class=\"contact_row_2\">\n  <input class=\"wpcf7-form-control wpcf7-submit has-spinner\" type=\"submit\" value=\"SEND\" \/>\n<\/div><div class=\"wpcf7-response-output\" aria-hidden=\"true\"><\/div>\n<\/form>\n<\/div>\n[\/vc_column_text][\/vc_column_inner][\/vc_row_inner][\/vc_column][\/vc_row]<\/div>[\/vc_column][\/vc_row][\/vc_section]<\/p>\n<\/div>","protected":false},"excerpt":{"rendered":"<p>[vc_section el_id=&#8220;testimonials_1&#8243; conditional_render=&#8220;%5B%7B%22value_role%22%3A%22administrator%22%7D%5D&#8220;][vc_row el_class=&#8220;w1600&#8243; conditional_render=&#8220;%5B%7B%22value_role%22%3A%22administrator%22%7D%5D&#8220;][vc_column][vc_column_text css=&#8220;&#8220; el_class=&#8220;service_title&#8220;]Patienten Feedback[\/vc_column_text][vc_column_text css=&#8220;&#8220;][\/vc_column_text][\/vc_column][\/vc_row][\/vc_section][vc_section el_id=&#8220;contact&#8220; conditional_render=&#8220;%5B%7B%22value_role%22%3A%22administrator%22%7D%5D&#8220;][vc_row][vc_column][\/vc_column][\/vc_row][\/vc_section]<\/p>\n","protected":false},"author":1,"featured_media":0,"parent":0,"menu_order":0,"comment_status":"closed","ping_status":"closed","template":"","meta":{"_acf_changed":false,"footnotes":""},"class_list":["post-2556","page","type-page","status-publish","hentry"],"acf":[],"yoast_head":"<!-- This site is optimized with the Yoast SEO plugin v22.7 - https:\/\/yoast.com\/wordpress\/plugins\/seo\/ -->\n<title>Patienten Feedback<\/title>\n<meta name=\"description\" content=\"Feedback unserer Patienten \u00fcber unsere \u00c4rzte und die Embryoland Kinderwunschklinik.\" \/>\n<meta name=\"robots\" content=\"index, follow, max-snippet:-1, max-image-preview:large, max-video-preview:-1\" \/>\n<link rel=\"canonical\" href=\"https:\/\/embryoland.gr\/de\/patienten-feedback\/\" \/>\n<meta property=\"og:locale\" content=\"de_DE\" \/>\n<meta property=\"og:type\" content=\"article\" \/>\n<meta property=\"og:title\" content=\"Patienten Feedback\" \/>\n<meta property=\"og:description\" content=\"Feedback unserer Patienten \u00fcber unsere \u00c4rzte und die Embryoland Kinderwunschklinik.\" \/>\n<meta property=\"og:url\" content=\"https:\/\/embryoland.gr\/de\/patienten-feedback\/\" \/>\n<meta property=\"og:site_name\" content=\"Embryoland\" \/>\n<meta property=\"article:modified_time\" content=\"2024-11-14T15:18:01+00:00\" \/>\n<meta name=\"twitter:card\" content=\"summary_large_image\" \/>\n<meta name=\"twitter:label1\" content=\"Gesch\u00e4tzte Lesezeit\" \/>\n\t<meta name=\"twitter:data1\" content=\"1\u00a0Minute\" \/>\n<script type=\"application\/ld+json\" class=\"yoast-schema-graph\">{\"@context\":\"https:\/\/schema.org\",\"@graph\":[{\"@type\":\"WebPage\",\"@id\":\"https:\/\/embryoland.gr\/de\/patienten-feedback\/\",\"url\":\"https:\/\/embryoland.gr\/de\/patienten-feedback\/\",\"name\":\"Patienten Feedback\",\"isPartOf\":{\"@id\":\"https:\/\/embryoland.gr\/de\/#website\"},\"datePublished\":\"2024-05-20T13:38:41+00:00\",\"dateModified\":\"2024-11-14T15:18:01+00:00\",\"description\":\"Feedback unserer Patienten \u00fcber unsere \u00c4rzte und die Embryoland Kinderwunschklinik.\",\"breadcrumb\":{\"@id\":\"https:\/\/embryoland.gr\/de\/patienten-feedback\/#breadcrumb\"},\"inLanguage\":\"de\",\"potentialAction\":[{\"@type\":\"ReadAction\",\"target\":[\"https:\/\/embryoland.gr\/de\/patienten-feedback\/\"]}]},{\"@type\":\"BreadcrumbList\",\"@id\":\"https:\/\/embryoland.gr\/de\/patienten-feedback\/#breadcrumb\",\"itemListElement\":[{\"@type\":\"ListItem\",\"position\":1,\"name\":\"Home\",\"item\":\"https:\/\/embryoland.gr\/de\/\"},{\"@type\":\"ListItem\",\"position\":2,\"name\":\"Patienten Feedback\"}]},{\"@type\":\"WebSite\",\"@id\":\"https:\/\/embryoland.gr\/de\/#website\",\"url\":\"https:\/\/embryoland.gr\/de\/\",\"name\":\"Embryoland\",\"description\":\"\",\"publisher\":{\"@id\":\"https:\/\/embryoland.gr\/de\/#organization\"},\"potentialAction\":[{\"@type\":\"SearchAction\",\"target\":{\"@type\":\"EntryPoint\",\"urlTemplate\":\"https:\/\/embryoland.gr\/de\/?s={search_term_string}\"},\"query-input\":\"required name=search_term_string\"}],\"inLanguage\":\"de\"},{\"@type\":\"Organization\",\"@id\":\"https:\/\/embryoland.gr\/de\/#organization\",\"name\":\"Embryoland\",\"url\":\"https:\/\/embryoland.gr\/de\/\",\"logo\":{\"@type\":\"ImageObject\",\"inLanguage\":\"de\",\"@id\":\"https:\/\/embryoland.gr\/de\/#\/schema\/logo\/image\/\",\"url\":\"https:\/\/embryoland.gr\/wp-content\/uploads\/2024\/05\/logo-embryoland.png\",\"contentUrl\":\"https:\/\/embryoland.gr\/wp-content\/uploads\/2024\/05\/logo-embryoland.png\",\"width\":330,\"height\":72,\"caption\":\"Embryoland\"},\"image\":{\"@id\":\"https:\/\/embryoland.gr\/de\/#\/schema\/logo\/image\/\"}}]}<\/script>\n<!-- \/ Yoast SEO plugin. -->","yoast_head_json":{"title":"Patienten Feedback","description":"Feedback unserer Patienten \u00fcber unsere \u00c4rzte und die Embryoland Kinderwunschklinik.","robots":{"index":"index","follow":"follow","max-snippet":"max-snippet:-1","max-image-preview":"max-image-preview:large","max-video-preview":"max-video-preview:-1"},"canonical":"https:\/\/embryoland.gr\/de\/patienten-feedback\/","og_locale":"de_DE","og_type":"article","og_title":"Patienten Feedback","og_description":"Feedback unserer Patienten \u00fcber unsere \u00c4rzte und die Embryoland Kinderwunschklinik.","og_url":"https:\/\/embryoland.gr\/de\/patienten-feedback\/","og_site_name":"Embryoland","article_modified_time":"2024-11-14T15:18:01+00:00","twitter_card":"summary_large_image","twitter_misc":{"Gesch\u00e4tzte Lesezeit":"1\u00a0Minute"},"schema":{"@context":"https:\/\/schema.org","@graph":[{"@type":"WebPage","@id":"https:\/\/embryoland.gr\/de\/patienten-feedback\/","url":"https:\/\/embryoland.gr\/de\/patienten-feedback\/","name":"Patienten Feedback","isPartOf":{"@id":"https:\/\/embryoland.gr\/de\/#website"},"datePublished":"2024-05-20T13:38:41+00:00","dateModified":"2024-11-14T15:18:01+00:00","description":"Feedback unserer Patienten \u00fcber unsere \u00c4rzte und die Embryoland Kinderwunschklinik.","breadcrumb":{"@id":"https:\/\/embryoland.gr\/de\/patienten-feedback\/#breadcrumb"},"inLanguage":"de","potentialAction":[{"@type":"ReadAction","target":["https:\/\/embryoland.gr\/de\/patienten-feedback\/"]}]},{"@type":"BreadcrumbList","@id":"https:\/\/embryoland.gr\/de\/patienten-feedback\/#breadcrumb","itemListElement":[{"@type":"ListItem","position":1,"name":"Home","item":"https:\/\/embryoland.gr\/de\/"},{"@type":"ListItem","position":2,"name":"Patienten Feedback"}]},{"@type":"WebSite","@id":"https:\/\/embryoland.gr\/de\/#website","url":"https:\/\/embryoland.gr\/de\/","name":"Embryoland","description":"","publisher":{"@id":"https:\/\/embryoland.gr\/de\/#organization"},"potentialAction":[{"@type":"SearchAction","target":{"@type":"EntryPoint","urlTemplate":"https:\/\/embryoland.gr\/de\/?s={search_term_string}"},"query-input":"required name=search_term_string"}],"inLanguage":"de"},{"@type":"Organization","@id":"https:\/\/embryoland.gr\/de\/#organization","name":"Embryoland","url":"https:\/\/embryoland.gr\/de\/","logo":{"@type":"ImageObject","inLanguage":"de","@id":"https:\/\/embryoland.gr\/de\/#\/schema\/logo\/image\/","url":"https:\/\/embryoland.gr\/wp-content\/uploads\/2024\/05\/logo-embryoland.png","contentUrl":"https:\/\/embryoland.gr\/wp-content\/uploads\/2024\/05\/logo-embryoland.png","width":330,"height":72,"caption":"Embryoland"},"image":{"@id":"https:\/\/embryoland.gr\/de\/#\/schema\/logo\/image\/"}}]}},"_links":{"self":[{"href":"https:\/\/embryoland.gr\/de\/wp-json\/wp\/v2\/pages\/2556","targetHints":{"allow":["GET"]}}],"collection":[{"href":"https:\/\/embryoland.gr\/de\/wp-json\/wp\/v2\/pages"}],"about":[{"href":"https:\/\/embryoland.gr\/de\/wp-json\/wp\/v2\/types\/page"}],"author":[{"embeddable":true,"href":"https:\/\/embryoland.gr\/de\/wp-json\/wp\/v2\/users\/1"}],"replies":[{"embeddable":true,"href":"https:\/\/embryoland.gr\/de\/wp-json\/wp\/v2\/comments?post=2556"}],"version-history":[{"count":6,"href":"https:\/\/embryoland.gr\/de\/wp-json\/wp\/v2\/pages\/2556\/revisions"}],"predecessor-version":[{"id":2637,"href":"https:\/\/embryoland.gr\/de\/wp-json\/wp\/v2\/pages\/2556\/revisions\/2637"}],"wp:attachment":[{"href":"https:\/\/embryoland.gr\/de\/wp-json\/wp\/v2\/media?parent=2556"}],"curies":[{"name":"wp","href":"https:\/\/api.w.org\/{rel}","templated":true}]}}