{"id":2469,"date":"2024-05-14T10:27:23","date_gmt":"2024-05-14T07:27:23","guid":{"rendered":"https:\/\/embryoland.gr\/eksosomatiki-gonimopoihsh-ivf\/"},"modified":"2024-11-13T15:41:13","modified_gmt":"2024-11-13T13:41:13","slug":"ivf","status":"publish","type":"page","link":"https:\/\/embryoland.gr\/de\/ivf\/","title":{"rendered":"IVF &#8211; In-Vitro-Fertilisation"},"content":{"rendered":"<div class=\"wpb-content-wrapper\"><p>[vc_section el_id=&#8220;service_1&#8243; conditional_render=&#8220;%5B%7B%22value_role%22%3A%22administrator%22%7D%5D&#8220;][vc_row conditional_render=&#8220;%5B%7B%22value_role%22%3A%22administrator%22%7D%5D&#8220; el_class=&#8220;w1600&#8243;][vc_column width=&#8220;7\/12&#8243;][vc_column_text css=&#8220;&#8220; el_class=&#8220;service_title&#8220;]IVF &#8211; In-Vitro-Fertilisation[\/vc_column_text][vc_column_text css=&#8220;&#8220; el_class=&#8220;service_text&#8220;]<strong>Kurz\u00fcbersicht<\/strong><\/p>\n<p>In-Vitro-Fertilisation (IVF) heisst Befruchtung ausserhalb des K\u00f6rpers der Frau im Labor. Erstmals wurde diese Therapie 1978 mit Erfolg durchgef\u00fchrt (Geburt von Louise Brown in England). Heute ist diese Art der Kinderwunschbehandlung ein h\u00e4ufig praktiziertes Routineverfahren. Weltweit sind schon \u00fcber 2 Mio. Kinder geboren worden, welche ausserhalb des Mutterleibes gezeugt wurden. Diese Behandlung darf nur angeboten werden, wenn der Arzt \u00fcber die entsprechenden Bewilligungen verf\u00fcgt, welche an Ausbildung und Laboreinrichtung gekoppelt sind.<\/p>\n<p>Die nachfolgende Zusammenstellung gibt einen \u00dcberblick \u00fcber die IVF. Eine ausf\u00fchrliche Information mit Angabe von individuellen Erfolgszahlen, genauen Komplikationsraten und einer Kosten\u00fcbersicht ist nur im Rahmen einer pers\u00f6nlichen Besprechung m\u00f6glich und sinnvoll.[\/vc_column_text][\/vc_column][vc_column width=&#8220;5\/12&#8243; el_class=&#8220;service_image&#8220; conditional_render=&#8220;%5B%7B%22value_role%22%3A%22administrator%22%7D%5D&#8220;][vc_single_image image=&#8220;169&#8243; img_size=&#8220;full&#8220; alignment=&#8220;right&#8220; css=&#8220;&#8220;][\/vc_column][\/vc_row][vc_row el_class=&#8220;w1600&#8243; conditional_render=&#8220;%5B%7B%22value_role%22%3A%22administrator%22%7D%5D&#8220;][vc_column][vc_column_text css=&#8220;&#8220; el_class=&#8220;service_subtitle&#8220;]Gr\u00fcnde \/ Indikationen[\/vc_column_text][vc_column_text css=&#8220;&#8220; el_class=&#8220;service_text&#8220;]Urspr\u00fcnglich wurde die Methode zur \u00dcberwindung von Eileiterproblemen entwickelt. Daneben gibt es heute verschiedene andere Indikationen, eine IVF durchzuf\u00fchren.<br \/>\nIm Vordergrund stehen: Endometriose, unerkl\u00e4rte Sterilit\u00e4t, m\u00e4nnliche Infertilit\u00e4t. [\/vc_column_text][\/vc_column][\/vc_row][\/vc_section][vc_section el_id=&#8220;service_2&#8243; conditional_render=&#8220;%5B%7B%22value_role%22%3A%22administrator%22%7D%5D&#8220; css=&#8220;.vc_custom_1715681402168{background-color: #edf7fc !important;}&#8220;][vc_row el_class=&#8220;w1600&#8243; conditional_render=&#8220;%5B%7B%22value_role%22%3A%22administrator%22%7D%5D&#8220;][vc_column][vc_column_text css=&#8220;&#8220; el_class=&#8220;service_text&#8220;]<strong>Vorabkl\u00e4rungen<\/strong><\/p>\n<ul>\n<li>Hormonbasisabkl\u00e4rung<\/li>\n<li>Infektabkl\u00e4rung<\/li>\n<li>Ultraschalluntersuchung<\/li>\n<li>sog. Probetransfer<\/li>\n<li>Vorsorgekontrolle (Krebsabstrich)<\/li>\n<li>Untersuchung beim Mann: Spermiogramm, Testaufbereitung der Spermien, Infektabkl\u00e4rung<\/li>\n<\/ul>\n<p><strong>Durchf\u00fchrung<\/strong><br \/>\nWenn alle Informationen abgegeben, die Vorabkl\u00e4rungen vorliegen und die n\u00f6tigen Vereinbarungen unterschrieben sind, kann die Behandlung geplant und gestartet werden.<\/p>\n<ol>\n<li>Die Frau wird nach einem bestimmten Protokoll ein Medikament einnehmen oder erh\u00e4lt Hormonspritzen, damit m\u00f6glichst mehrere Eibl\u00e4schen (Follikel) im Behandlungszyklus heranreifen.<\/li>\n<li>Ultraschalluntersuchungen und Hormonbestimmungen im Blut werden nach einem festgelegten Schema durchgef\u00fchrt.<\/li>\n<li>Wenn eindeutig feststeht, dass die Follikel weit genug entwickelt sind, erh\u00e4lt die Frau eine spezielle Hormonspritze zur Ausl\u00f6sung des Eisprunges. Anschliessend erfolgt nach einer festgelegten Zeitspanne (ca. 37 Stunden) die Punktion der Follikel.<\/li>\n<li>Die Eibl\u00e4schen k\u00f6nnen unter Ultraschallsicht punktiert werden, ohne dass eine Vollnarkose notwendig ist. Hilfreich sind jedoch eine Kurznarkose mit einem Schmerzmittel und einem Beruhigungs- bzw. Schlafmittel, welche zusammen die Schmerzempfindung deutlich herabsetzen. Zur Infektionsprophylaxe (Vorbeugung gegen Entz\u00fcndung) wird unmittelbar vor dem Eingriff ein Antibiotikum verabreicht. Mit einer speziellen Punktionskan\u00fcle werden dann die Eibl\u00e4schen durch die Scheide punktiert. Pro ersichtliches Eibl\u00e4schen wird meist einmal punktiert, selten mehrfach. Die Eizellen werden zusammen mit der Follikelfl\u00fcssigkeit abgesaugt. Dieser Eingriff wird ambulant durchgef\u00fchrt; die Frau verbleibt, einschliesslich der Ruhe- und Ueberwachungszeit, ca. 2-3 Stunden in der Praxis.<\/li>\n<li>Die gewonnenen Eizellen werden in ein spezielles N\u00e4hrmedium (Fl\u00fcssigkeit) eingebracht und f\u00fcr die Befruchtung vorbereitet.<\/li>\n<li>Der Partner gibt am Tag der Punktion eine frische Samenprobe ab, die mit Medium aufbereitet und den Eizellen zugegeben wird. Die Keimzellen verbleiben gemeinsam f\u00fcr einige Zeit unter festgelegten Laborbedingungen im Brutschrank. Bei verminderter Spermienzahl oder \u2013beweglichkeit wird die ICSI-Methode angewendet (Mikrofertilisation).<\/li>\n<li>Am folgenden Tag (rund 18 Stunden nach Zusammenf\u00fchren von Eizellen und Spermien) wird kontrolliert, wie viele Eizellen befruchtet sind. Sind mehr befruchtete Eizellen (Zygoten) vorhanden, als im laufenden Zyklus transferiert werden k\u00f6nnen, werden diese eingefroren (kryokonserviert).<\/li>\n<li>Ist die Befruchtung erfolgt und laufen Zellteilungen ab, werden zwei bis drei Tage nach der Follikelpunktion die Embryonen durch den Geb\u00e4rmutterhalskanal mit Hilfe eines d\u00fcnnen Katheters in die Geb\u00e4rmutter eingebracht. Dieser Embryotransfer erfolgt ambulant. Die Frau muss anschliessend eine Stunde liegen bleiben.<\/li>\n<li>In den folgenden zwei Wochen wird die Gelbk\u00f6rperfunktion durch Medikamente unterst\u00fctzt, um eine Einnistung des Embryos zu verbessern. 15 Tage nach der Punktion wird ein erster Schwangerschaftstest mittels Blutuntersuchung durchgef\u00fchrt.<\/li>\n<\/ol>\n<p>[\/vc_column_text][\/vc_column][\/vc_row][\/vc_section][vc_section el_id=&#8220;contact&#8220; conditional_render=&#8220;%5B%7B%22value_role%22%3A%22administrator%22%7D%5D&#8220;][vc_row][vc_column]<div class=\"porto-block\" data-id=\"2454\"><style>.calendar-box {\r\n  text-align: center;\r\n  padding: 20px;\r\n  border: 1px solid #ccc;\r\n  border-radius: 10px;\r\n  background-color: white;\r\n  box-shadow: 0 2px 10px rgba(0, 0, 0, 0.1);\r\n  width: 300px;\r\n}\r\n\r\n.calendar-title {\r\n  font-size: 18px;\r\n  margin-bottom: 10px;\r\n  color: #333;\r\n}\r\n\r\n.calendar {\r\n  background-color: white;\r\n  border-radius: 10px;\r\n  box-shadow: 0 2px 10px rgba(0, 0, 0, 0.1);\r\n  width: 300px;\r\n  position: absolute;\r\n  z-index: 1;\r\n  display: none;\r\n}\r\n\r\n.header {\r\n  background-color: #3498db;\r\n  color: white;\r\n  display: flex;\r\n  justify-content: space-between;\r\n  align-items: center;\r\n  padding: 10px;\r\n  border-top-left-radius: 10px;\r\n  border-top-right-radius: 10px;\r\n}\r\n\r\n#prevBtn,\r\n#nextBtn {\r\n  background: none;\r\n  border: none;\r\n  color: white;\r\n  cursor: pointer;\r\n  font-size: 16px;\r\n}\r\n\r\n#monthYear {\r\n  font-size: 18px;\r\n  font-weight: bold;\r\n}\r\n\r\n.days {\r\n  display: grid;\r\n  grid-template-columns: repeat(7, 1fr);\r\n  gap: 5px;\r\n  padding: 10px;\r\n}\r\n\r\n.day {\r\n  padding: 10px;\r\n  text-align: center;\r\n  border-radius: 5px;\r\n  cursor: pointer;\r\n}\r\n\r\n.day.current {\r\n  background-color: #3498db;\r\n  color: white;\r\n}\r\n\r\n.day.selected {\r\n  background-color: #2ecc71;\r\n  color: white;\r\n}\r\n\r\n#dateInput {\r\n  width: 100%;\r\n  padding: 10px;\r\n  border: 1px solid #ccc;\r\n  border-radius: 5px;\r\n  font-size: 14px;\r\n  outline: none;\r\n  cursor: pointer;\r\n}<\/style>[vc_row el_class=\"w1600\" conditional_render=\"%5B%7B%22value_role%22%3A%22administrator%22%7D%5D\"][vc_column width=\"1\/2\"][vc_row_inner][vc_column_inner][vc_column_text css=\"\" el_class=\"contact_title\"]<\/p>\r\n<div class=\"c-scrollbar__hider\" role=\"presentation\" data-qa=\"slack_kit_scrollbar\">\r\n<div class=\"c-scrollbar__child\" role=\"presentation\">\r\n<div class=\"c-virtual_list__scroll_container\" tabindex=\"-1\" role=\"list\" data-qa=\"slack_kit_list\" aria-label=\"Matina (direct message, active)\">\r\n<div id=\"1731512315.437009\" class=\"c-virtual_list__item\" tabindex=\"0\" role=\"listitem\" aria-setsize=\"-1\" data-qa=\"virtual-list-item\" data-item-key=\"1731512315.437009\">\r\n<div class=\"c-message_kit__background p-message_pane_message__message c-message_kit__message p-message_pane_message__message--last\" role=\"presentation\" data-qa=\"message_container\" data-qa-unprocessed=\"false\" data-qa-placeholder=\"false\">\r\n<div class=\"c-message_kit__hover\" role=\"document\" aria-roledescription=\"message\" data-qa-hover=\"true\">\r\n<div class=\"c-message_kit__actions c-message_kit__actions--default\">\r\n<div class=\"c-message_kit__gutter\">\r\n<div class=\"c-message_kit__gutter__right\" role=\"presentation\" data-qa=\"message_content\">\r\n<div class=\"c-message_kit__blocks c-message_kit__blocks--rich_text\">\r\n<div class=\"c-message__message_blocks c-message__message_blocks--rich_text\" data-qa=\"message-text\">\r\n<div class=\"p-block_kit_renderer\" data-qa=\"block-kit-renderer\">\r\n<div class=\"p-block_kit_renderer__block_wrapper p-block_kit_renderer__block_wrapper--first\">\r\n<div class=\"p-rich_text_block\" dir=\"auto\">\r\n<div class=\"p-rich_text_section\">Einen Termin buchen<\/div>\r\n<\/div>\r\n<\/div>\r\n<\/div>\r\n<\/div>\r\n<\/div>\r\n<\/div>\r\n<\/div>\r\n<\/div>\r\n<\/div>\r\n<\/div>\r\n<\/div>\r\n<\/div>\r\n<\/div>\r\n<\/div>\r\n<p>[\/vc_column_text][vc_column_text css=\"\" el_class=\"contact_text\"]Wir stehen Ihnen jederzeit zur Verf\u00fcgung, um Ihnen zu helfen und all Ihre Fragen zu beantworten.[\/vc_column_text][\/vc_column_inner][\/vc_row_inner][vc_row_inner][vc_column_inner][vc_column_text css=\"\" el_class=\"call_us_text contact call_us_text_eng\"]<span style=\"font-size: 12px;\">RUFEN SIE UNS AN<\/span><br \/>\r\n+30 210 777 99 20 \/ +30 210 691 12 00[\/vc_column_text][\/vc_column_inner][\/vc_row_inner][\/vc_column][vc_column width=\"1\/2\"][vc_row_inner][vc_column_inner][vc_column_text css=\"\"]\n<div class=\"wpcf7 no-js\" id=\"wpcf7-f2443-o1\" lang=\"de-DE\" dir=\"ltr\">\n<div class=\"screen-reader-response\"><p role=\"status\" aria-live=\"polite\" aria-atomic=\"true\"><\/p> <ul><\/ul><\/div>\n<form action=\"\/de\/wp-json\/wp\/v2\/pages\/2469#wpcf7-f2443-o1\" method=\"post\" class=\"wpcf7-form init\" aria-label=\"Contact form\" novalidate=\"novalidate\" data-status=\"init\">\n<div style=\"display: none;\">\n<input type=\"hidden\" name=\"_wpcf7\" value=\"2443\" \/>\n<input type=\"hidden\" name=\"_wpcf7_version\" value=\"5.9.4\" \/>\n<input type=\"hidden\" name=\"_wpcf7_locale\" value=\"de_DE\" \/>\n<input type=\"hidden\" name=\"_wpcf7_unit_tag\" value=\"wpcf7-f2443-o1\" \/>\n<input type=\"hidden\" name=\"_wpcf7_container_post\" value=\"0\" \/>\n<input type=\"hidden\" name=\"_wpcf7_posted_data_hash\" value=\"\" \/>\n<\/div>\n<div id=\"contact_form\">\n<div class=\"contact_row\">\n  <label for=\"name\"> Full Name*\n      <span class=\"wpcf7-form-control-wrap\" data-name=\"your-name\"><input size=\"40\" class=\"wpcf7-form-control wpcf7-text wpcf7-validates-as-required\" id=\"name\" autocomplete=\"name\" aria-required=\"true\" aria-invalid=\"false\" value=\"\" type=\"text\" name=\"your-name\" \/><\/span> \n  <\/label>\n\n  <label for=\"telephone\"> Telephone*\n      <span class=\"wpcf7-form-control-wrap\" data-name=\"tel-858\"><input size=\"40\" class=\"wpcf7-form-control wpcf7-tel wpcf7-validates-as-required wpcf7-text wpcf7-validates-as-tel\" id=\"telephone\" aria-required=\"true\" aria-invalid=\"false\" value=\"\" type=\"tel\" name=\"tel-858\" \/><\/span>\n  <\/label>\n<\/div>\n\n<div class=\"contact_row\">\n  <label for=\"email\"> Email*\n      <span class=\"wpcf7-form-control-wrap\" data-name=\"your-email\"><input size=\"40\" class=\"wpcf7-form-control wpcf7-email wpcf7-validates-as-required wpcf7-text wpcf7-validates-as-email\" id=\"email\" autocomplete=\"email\" aria-required=\"true\" aria-invalid=\"false\" value=\"\" type=\"email\" name=\"your-email\" \/><\/span> \n  <\/label>\n\n  <label for=\"country\"> Country\n      <span class=\"wpcf7-form-control-wrap\" data-name=\"text-784\"><input size=\"40\" class=\"wpcf7-form-control wpcf7-text\" id=\"country\" aria-invalid=\"false\" value=\"\" type=\"text\" name=\"text-784\" \/><\/span>\n  <\/label>\n<\/div>\n\n<div class=\"contact_row_2\">\n  <label for=\"mhnyma\"> Message* \n      <span class=\"wpcf7-form-control-wrap\" data-name=\"textarea-219\"><textarea cols=\"40\" rows=\"10\" class=\"wpcf7-form-control wpcf7-textarea wpcf7-validates-as-required\" id=\"mhnyma\" aria-required=\"true\" aria-invalid=\"false\" name=\"textarea-219\"><\/textarea><\/span>\n  <\/label>\n<\/div>\n\n<div class=\"contact_row_2\">\n  <input class=\"wpcf7-form-control wpcf7-submit has-spinner\" type=\"submit\" value=\"SEND\" \/>\n<\/div><div class=\"wpcf7-response-output\" aria-hidden=\"true\"><\/div>\n<\/form>\n<\/div>\n[\/vc_column_text][\/vc_column_inner][\/vc_row_inner][\/vc_column][\/vc_row]<\/div>[\/vc_column][\/vc_row][\/vc_section]<\/p>\n<\/div>","protected":false},"excerpt":{"rendered":"<p>[vc_section el_id=&#8220;service_1&#8243; conditional_render=&#8220;%5B%7B%22value_role%22%3A%22administrator%22%7D%5D&#8220;][vc_row conditional_render=&#8220;%5B%7B%22value_role%22%3A%22administrator%22%7D%5D&#8220; el_class=&#8220;w1600&#8243;][vc_column width=&#8220;7\/12&#8243;][vc_column_text css=&#8220;&#8220; el_class=&#8220;service_title&#8220;]IVF &#8211; In-Vitro-Fertilisation[\/vc_column_text][vc_column_text css=&#8220;&#8220; el_class=&#8220;service_text&#8220;]Kurz\u00fcbersicht In-Vitro-Fertilisation (IVF) heisst Befruchtung ausserhalb des K\u00f6rpers der Frau im Labor. Erstmals wurde diese Therapie 1978 mit Erfolg durchgef\u00fchrt (Geburt von Louise Brown in England). Heute ist diese Art der Kinderwunschbehandlung ein h\u00e4ufig praktiziertes Routineverfahren. Weltweit sind schon \u00fcber 2 Mio. Kinder geboren [&hellip;]<\/p>\n","protected":false},"author":1,"featured_media":0,"parent":0,"menu_order":0,"comment_status":"closed","ping_status":"closed","template":"","meta":{"_acf_changed":false,"footnotes":""},"class_list":["post-2469","page","type-page","status-publish","hentry"],"acf":[],"yoast_head":"<!-- This site is optimized with the Yoast SEO plugin v22.7 - https:\/\/yoast.com\/wordpress\/plugins\/seo\/ -->\n<title>IVF - In-Vitro-Fertilisation<\/title>\n<meta name=\"description\" content=\"In-Vitro-Fertilisation (IVF) heisst Befruchtung ausserhalb des K\u00f6rpers der Frau im Labor. Erstmals wurde diese Therapie 1978 mit Erfolg durchgef\u00fchrt (Geburt von Louise Brown in England).\" \/>\n<meta name=\"robots\" content=\"index, follow, max-snippet:-1, max-image-preview:large, max-video-preview:-1\" \/>\n<link rel=\"canonical\" href=\"https:\/\/embryoland.gr\/de\/ivf\/\" \/>\n<meta property=\"og:locale\" content=\"de_DE\" \/>\n<meta property=\"og:type\" content=\"article\" \/>\n<meta property=\"og:title\" content=\"IVF - In-Vitro-Fertilisation\" \/>\n<meta property=\"og:description\" content=\"In-Vitro-Fertilisation (IVF) heisst Befruchtung ausserhalb des K\u00f6rpers der Frau im Labor. Erstmals wurde diese Therapie 1978 mit Erfolg durchgef\u00fchrt (Geburt von Louise Brown in England).\" \/>\n<meta property=\"og:url\" content=\"https:\/\/embryoland.gr\/de\/ivf\/\" \/>\n<meta property=\"og:site_name\" content=\"Embryoland\" \/>\n<meta property=\"article:modified_time\" content=\"2024-11-13T13:41:13+00:00\" \/>\n<meta name=\"twitter:card\" content=\"summary_large_image\" \/>\n<meta name=\"twitter:label1\" content=\"Gesch\u00e4tzte Lesezeit\" \/>\n\t<meta name=\"twitter:data1\" content=\"4\u00a0Minuten\" \/>\n<script type=\"application\/ld+json\" class=\"yoast-schema-graph\">{\"@context\":\"https:\/\/schema.org\",\"@graph\":[{\"@type\":\"WebPage\",\"@id\":\"https:\/\/embryoland.gr\/de\/ivf\/\",\"url\":\"https:\/\/embryoland.gr\/de\/ivf\/\",\"name\":\"IVF - In-Vitro-Fertilisation\",\"isPartOf\":{\"@id\":\"https:\/\/embryoland.gr\/de\/#website\"},\"datePublished\":\"2024-05-14T07:27:23+00:00\",\"dateModified\":\"2024-11-13T13:41:13+00:00\",\"description\":\"In-Vitro-Fertilisation (IVF) heisst Befruchtung ausserhalb des K\u00f6rpers der Frau im Labor. Erstmals wurde diese Therapie 1978 mit Erfolg durchgef\u00fchrt (Geburt von Louise Brown in England).\",\"breadcrumb\":{\"@id\":\"https:\/\/embryoland.gr\/de\/ivf\/#breadcrumb\"},\"inLanguage\":\"de\",\"potentialAction\":[{\"@type\":\"ReadAction\",\"target\":[\"https:\/\/embryoland.gr\/de\/ivf\/\"]}]},{\"@type\":\"BreadcrumbList\",\"@id\":\"https:\/\/embryoland.gr\/de\/ivf\/#breadcrumb\",\"itemListElement\":[{\"@type\":\"ListItem\",\"position\":1,\"name\":\"Home\",\"item\":\"https:\/\/embryoland.gr\/de\/\"},{\"@type\":\"ListItem\",\"position\":2,\"name\":\"IVF &#8211; In-Vitro-Fertilisation\"}]},{\"@type\":\"WebSite\",\"@id\":\"https:\/\/embryoland.gr\/de\/#website\",\"url\":\"https:\/\/embryoland.gr\/de\/\",\"name\":\"Embryoland\",\"description\":\"\",\"publisher\":{\"@id\":\"https:\/\/embryoland.gr\/de\/#organization\"},\"potentialAction\":[{\"@type\":\"SearchAction\",\"target\":{\"@type\":\"EntryPoint\",\"urlTemplate\":\"https:\/\/embryoland.gr\/de\/?s={search_term_string}\"},\"query-input\":\"required name=search_term_string\"}],\"inLanguage\":\"de\"},{\"@type\":\"Organization\",\"@id\":\"https:\/\/embryoland.gr\/de\/#organization\",\"name\":\"Embryoland\",\"url\":\"https:\/\/embryoland.gr\/de\/\",\"logo\":{\"@type\":\"ImageObject\",\"inLanguage\":\"de\",\"@id\":\"https:\/\/embryoland.gr\/de\/#\/schema\/logo\/image\/\",\"url\":\"https:\/\/embryoland.gr\/wp-content\/uploads\/2024\/05\/logo-embryoland.png\",\"contentUrl\":\"https:\/\/embryoland.gr\/wp-content\/uploads\/2024\/05\/logo-embryoland.png\",\"width\":330,\"height\":72,\"caption\":\"Embryoland\"},\"image\":{\"@id\":\"https:\/\/embryoland.gr\/de\/#\/schema\/logo\/image\/\"}}]}<\/script>\n<!-- \/ Yoast SEO plugin. -->","yoast_head_json":{"title":"IVF - In-Vitro-Fertilisation","description":"In-Vitro-Fertilisation (IVF) heisst Befruchtung ausserhalb des K\u00f6rpers der Frau im Labor. Erstmals wurde diese Therapie 1978 mit Erfolg durchgef\u00fchrt (Geburt von Louise Brown in England).","robots":{"index":"index","follow":"follow","max-snippet":"max-snippet:-1","max-image-preview":"max-image-preview:large","max-video-preview":"max-video-preview:-1"},"canonical":"https:\/\/embryoland.gr\/de\/ivf\/","og_locale":"de_DE","og_type":"article","og_title":"IVF - In-Vitro-Fertilisation","og_description":"In-Vitro-Fertilisation (IVF) heisst Befruchtung ausserhalb des K\u00f6rpers der Frau im Labor. Erstmals wurde diese Therapie 1978 mit Erfolg durchgef\u00fchrt (Geburt von Louise Brown in England).","og_url":"https:\/\/embryoland.gr\/de\/ivf\/","og_site_name":"Embryoland","article_modified_time":"2024-11-13T13:41:13+00:00","twitter_card":"summary_large_image","twitter_misc":{"Gesch\u00e4tzte Lesezeit":"4\u00a0Minuten"},"schema":{"@context":"https:\/\/schema.org","@graph":[{"@type":"WebPage","@id":"https:\/\/embryoland.gr\/de\/ivf\/","url":"https:\/\/embryoland.gr\/de\/ivf\/","name":"IVF - In-Vitro-Fertilisation","isPartOf":{"@id":"https:\/\/embryoland.gr\/de\/#website"},"datePublished":"2024-05-14T07:27:23+00:00","dateModified":"2024-11-13T13:41:13+00:00","description":"In-Vitro-Fertilisation (IVF) heisst Befruchtung ausserhalb des K\u00f6rpers der Frau im Labor. Erstmals wurde diese Therapie 1978 mit Erfolg durchgef\u00fchrt (Geburt von Louise Brown in England).","breadcrumb":{"@id":"https:\/\/embryoland.gr\/de\/ivf\/#breadcrumb"},"inLanguage":"de","potentialAction":[{"@type":"ReadAction","target":["https:\/\/embryoland.gr\/de\/ivf\/"]}]},{"@type":"BreadcrumbList","@id":"https:\/\/embryoland.gr\/de\/ivf\/#breadcrumb","itemListElement":[{"@type":"ListItem","position":1,"name":"Home","item":"https:\/\/embryoland.gr\/de\/"},{"@type":"ListItem","position":2,"name":"IVF &#8211; In-Vitro-Fertilisation"}]},{"@type":"WebSite","@id":"https:\/\/embryoland.gr\/de\/#website","url":"https:\/\/embryoland.gr\/de\/","name":"Embryoland","description":"","publisher":{"@id":"https:\/\/embryoland.gr\/de\/#organization"},"potentialAction":[{"@type":"SearchAction","target":{"@type":"EntryPoint","urlTemplate":"https:\/\/embryoland.gr\/de\/?s={search_term_string}"},"query-input":"required name=search_term_string"}],"inLanguage":"de"},{"@type":"Organization","@id":"https:\/\/embryoland.gr\/de\/#organization","name":"Embryoland","url":"https:\/\/embryoland.gr\/de\/","logo":{"@type":"ImageObject","inLanguage":"de","@id":"https:\/\/embryoland.gr\/de\/#\/schema\/logo\/image\/","url":"https:\/\/embryoland.gr\/wp-content\/uploads\/2024\/05\/logo-embryoland.png","contentUrl":"https:\/\/embryoland.gr\/wp-content\/uploads\/2024\/05\/logo-embryoland.png","width":330,"height":72,"caption":"Embryoland"},"image":{"@id":"https:\/\/embryoland.gr\/de\/#\/schema\/logo\/image\/"}}]}},"_links":{"self":[{"href":"https:\/\/embryoland.gr\/de\/wp-json\/wp\/v2\/pages\/2469","targetHints":{"allow":["GET"]}}],"collection":[{"href":"https:\/\/embryoland.gr\/de\/wp-json\/wp\/v2\/pages"}],"about":[{"href":"https:\/\/embryoland.gr\/de\/wp-json\/wp\/v2\/types\/page"}],"author":[{"embeddable":true,"href":"https:\/\/embryoland.gr\/de\/wp-json\/wp\/v2\/users\/1"}],"replies":[{"embeddable":true,"href":"https:\/\/embryoland.gr\/de\/wp-json\/wp\/v2\/comments?post=2469"}],"version-history":[{"count":5,"href":"https:\/\/embryoland.gr\/de\/wp-json\/wp\/v2\/pages\/2469\/revisions"}],"predecessor-version":[{"id":2492,"href":"https:\/\/embryoland.gr\/de\/wp-json\/wp\/v2\/pages\/2469\/revisions\/2492"}],"wp:attachment":[{"href":"https:\/\/embryoland.gr\/de\/wp-json\/wp\/v2\/media?parent=2469"}],"curies":[{"name":"wp","href":"https:\/\/api.w.org\/{rel}","templated":true}]}}