{"id":2424,"date":"2024-05-27T14:20:13","date_gmt":"2024-05-27T11:20:13","guid":{"rendered":"https:\/\/embryoland.gr\/diereunhsh-upogonimothtas\/"},"modified":"2024-11-12T19:08:34","modified_gmt":"2024-11-12T17:08:34","slug":"abklaerungszyklus","status":"publish","type":"page","link":"https:\/\/embryoland.gr\/de\/abklaerungszyklus\/","title":{"rendered":"Abkl\u00e4rungszyklus"},"content":{"rendered":"<div class=\"wpb-content-wrapper\"><p>[vc_section el_id=&#8220;service_1&#8243; conditional_render=&#8220;%5B%7B%22value_role%22%3A%22administrator%22%7D%5D&#8220;][vc_row conditional_render=&#8220;%5B%7B%22value_role%22%3A%22administrator%22%7D%5D&#8220; el_class=&#8220;w1600&#8243;][vc_column width=&#8220;7\/12&#8243;][vc_column_text css=&#8220;&#8220; el_class=&#8220;service_title&#8220;]Abkl\u00e4rungszyklus[\/vc_column_text][vc_column_text css=&#8220;&#8220; el_class=&#8220;service_text&#8220;]<strong>Kurz\u00fcbersicht<\/strong><\/p>\n<p>Die n\u00f6tigen Untersuchungen werden mit Vorteil in den Ablauf eines nat\u00fcrlichen Zyklus gelegt. Damit kann die ganze Dynamik der Abfolge von Hormon\u00e4nderungen erfasst und beurteilt werden. Nach einem gut strukturierten Abkl\u00e4rungsgang wird es in den meisten F\u00e4llen m\u00f6glich sein, nach kurzer Zeit mit dem betroffenen Paar ein Therapiekonzept zu besprechen und die Behandlung einzuleiten.<\/p>\n<p><strong>Durchf\u00fchrung<\/strong><\/p>\n<ul>\n<li>Fr\u00fche Follikelphase (Tag 1-4)<br \/>\nDie Hormonbasisdiagnostik steht im Vordergrund: Hypophys\u00e4r-gonadale Achse durch LH, FSH, E2, weiter Prolaktin (PRL), Schilddr\u00fcsenhormon (TSH und ev. FT4). Die Blutentnahme erfolgt am besten am fr\u00fchen Vormittag. In speziellen F\u00e4llen wird zus\u00e4tzlich Testosteron und Androstendion bestimmt. Wir untersuchen bei dieser Blutentnahme immer auch noch den Rubeolen IgG-Titer und ev. weitere Parameter z.B. bez\u00fcglich Hepatitis und HIV.<\/li>\n<li>Mittlere bis sp\u00e4te Follikelphase (Tag 5-11)<br \/>\nDas Follikelmonitoring durch Ultraschalluntersuchungen zeigt die Dynamik des Wachstums der Follikel. Selten sind Oestradiolmessungen zur Verlaufskontrolle n\u00f6tig. Beginn der Follikelmessung ca. an Tag 10. Ultraschallkontrolle der Verh\u00e4ltnisse in der Geb\u00e4rmutter: Endometriumaufbau (Schleimhaut), Struktur des Endometriums, intrakavit\u00e4re Pathologie (Polyp, Myom).<\/li>\n<li>Ovulationsphase (Tag 12-14)<br \/>\nKontrolle des Cervixindex, (selten Postcoitaltest). Die Sonographie erlaubt h\u00e4ufig eine klare Aussage, ob der Eisprung erfolgt ist. Eine \u00dcberpr\u00fcfung mittels Hormondiagnostik ist gelegentlich angezeigt (LH, Oestradiol, OH-Progesteron, P4). Die Endometriumdicke sollte zu diesem Zeitpunkt mindestens 7-8 mm betragen.<\/li>\n<li>Mittlere Lutealphase (Tag 18-22)<br \/>\nEtwa 7 Tage nach sicher erfolgter Ovulation kann die Gelbk\u00f6rperfunktion sehr effektiv mittels der Konzentration der Steroidhormone Progesteron (P4) und Oestradiol (E2) untersucht werden. Dabei sollte der Quotient der beiden Hormone auf molekularer Basis etwa 100:1 betragen, sowie die Progesteronsekretion einen bestimmten Schwellenwert erreichen (testabh\u00e4ngig; i.R &gt;15 ng\/ml). Im Ultraschall stellt sich das Endometrium nun typischerweise echodicht und homogen dar. Bei vorliegen einer Lutealinsuffizienz kann das Ausmass der St\u00f6rung durch eine Endometriumbiopsie am etwa 26. Zyklustag kontrolliert werden.<\/li>\n<\/ul>\n<p>Zyklusunabh\u00e4ngig, aber meist im Rahmen einer durch das Stufenschema geplanten Blutentnahme, werden folgende Untersuchungen bei der Frau vorgenommen:<\/p>\n<ul>\n<li>Kontrolle eines initial erh\u00f6hten PRL-Wertes: Bestimmung unter<br \/>\nStandardbedingungen (morgens, nach 30 Min. liegen).<\/li>\n<li>TRH-Test sowie Anti-TPO bei Verdacht auf Schilddr\u00fcsenpathologie.<\/li>\n<li>Bestimmung der Androgene bei vorliegender Pathologie wie z.B. Adipositas, Polycystisches Ovarsyndrom (PCOS).<\/li>\n<\/ul>\n<p>[\/vc_column_text][\/vc_column][vc_column width=&#8220;5\/12&#8243; el_class=&#8220;service_image&#8220; conditional_render=&#8220;%5B%7B%22value_role%22%3A%22administrator%22%7D%5D&#8220;][vc_single_image image=&#8220;1103&#8243; img_size=&#8220;full&#8220; alignment=&#8220;right&#8220; css=&#8220;&#8220;][\/vc_column][\/vc_row][vc_row disable_element=&#8220;yes&#8220; el_class=&#8220;w1600&#8243; conditional_render=&#8220;%5B%7B%22value_role%22%3A%22administrator%22%7D%5D&#8220;][vc_column][vc_column_text css=&#8220;&#8220; el_class=&#8220;service_text&#8220;]\u03a4\u03ad\u03bb\u03bf\u03c2 \u03b5\u03af\u03bd\u03b1\u03b9 \u03c3\u03b7\u03bc\u03b1\u03bd\u03c4\u03b9\u03ba\u03cc \u03bd\u03b1 \u03b1\u03bd\u03b1\u03c6\u03ad\u03c1\u03bf\u03c5\u03bc\u03b5 \u03c4\u03b7\u03bd \u03c0\u03b5\u03c1\u03af\u03c0\u03c4\u03c9\u03c3\u03b7 \u03c4\u03b7\u03c2 \u03b1\u03bd\u03b5\u03be\u03ae\u03b3\u03b7\u03c4\u03b7\u03c2 \u03c5\u03c0\u03bf\u03b3\u03bf\u03bd\u03b9\u03bc\u03cc\u03c4\u03b7\u03c4\u03b1\u03c2 \u03c0\u03bf\u03c5 \u03c0\u03bb\u03ae\u03c4\u03c4\u03b5\u03b9 \u03c0\u03b5\u03c1\u03af\u03c0\u03bf\u03c5 \u03c4\u03bf 5-10% \u03c4\u03c9\u03bd \u03c3\u03b7\u03bc\u03b5\u03c1\u03b9\u03bd\u03ce\u03bd \u03b6\u03b5\u03c5\u03b3\u03b1\u03c1\u03b9\u03ce\u03bd. \u03a3\u03c4\u03b1 \u03b6\u03b5\u03c5\u03b3\u03ac\u03c1\u03b9\u03b1 \u03b1\u03c5\u03c4\u03ac \u03c0\u03b1\u03c1\u03b1\u03c4\u03b7\u03c1\u03b5\u03af\u03c4\u03b1\u03b9 \u03b1\u03b4\u03c5\u03bd\u03b1\u03bc\u03af\u03b1 \u03c3\u03cd\u03bb\u03bb\u03b7\u03c8\u03b7\u03c2 \u03c0\u03b1\u03c1\u03cc\u03bb\u03bf \u03c0\u03bf\u03c5 \u03cc\u03bb\u03bf\u03b9 \u03bf\u03b9 \u03c0\u03b1\u03c1\u03ac\u03bc\u03b5\u03c4\u03c1\u03bf\u03b9 \u03c0\u03bf\u03c5 \u03b1\u03bd\u03b1\u03c6\u03ad\u03c1\u03b1\u03bc\u03b5 \u03b5\u03af\u03bd\u03b1\u03b9 \u03c6\u03c5\u03c3\u03b9\u03bf\u03bb\u03bf\u03b3\u03b9\u03ba\u03bf\u03af.<br \/>\n[\/vc_column_text][\/vc_column][\/vc_row][\/vc_section][vc_section disable_element=&#8220;yes&#8220; el_id=&#8220;service_2&#8243; conditional_render=&#8220;%5B%7B%22value_role%22%3A%22administrator%22%7D%5D&#8220; css=&#8220;.vc_custom_1715940239458{background-color: #edf7fc !important;}&#8220;][vc_row el_class=&#8220;w1600&#8243; conditional_render=&#8220;%5B%7B%22value_role%22%3A%22administrator%22%7D%5D&#8220;][vc_column][vc_column_text css=&#8220;&#8220; el_class=&#8220;service_text&#8220;][\/vc_column_text][vc_column_text css=&#8220;&#8220; el_class=&#8220;service_small_text&#8220;][\/vc_column_text][\/vc_column][\/vc_row][\/vc_section][vc_section el_id=&#8220;contact&#8220; conditional_render=&#8220;%5B%7B%22value_role%22%3A%22administrator%22%7D%5D&#8220;][vc_row][vc_column]<div class=\"porto-block\" data-id=\"2454\"><style>.calendar-box {\r\n  text-align: center;\r\n  padding: 20px;\r\n  border: 1px solid #ccc;\r\n  border-radius: 10px;\r\n  background-color: white;\r\n  box-shadow: 0 2px 10px rgba(0, 0, 0, 0.1);\r\n  width: 300px;\r\n}\r\n\r\n.calendar-title {\r\n  font-size: 18px;\r\n  margin-bottom: 10px;\r\n  color: #333;\r\n}\r\n\r\n.calendar {\r\n  background-color: white;\r\n  border-radius: 10px;\r\n  box-shadow: 0 2px 10px rgba(0, 0, 0, 0.1);\r\n  width: 300px;\r\n  position: absolute;\r\n  z-index: 1;\r\n  display: none;\r\n}\r\n\r\n.header {\r\n  background-color: #3498db;\r\n  color: white;\r\n  display: flex;\r\n  justify-content: space-between;\r\n  align-items: center;\r\n  padding: 10px;\r\n  border-top-left-radius: 10px;\r\n  border-top-right-radius: 10px;\r\n}\r\n\r\n#prevBtn,\r\n#nextBtn {\r\n  background: none;\r\n  border: none;\r\n  color: white;\r\n  cursor: pointer;\r\n  font-size: 16px;\r\n}\r\n\r\n#monthYear {\r\n  font-size: 18px;\r\n  font-weight: bold;\r\n}\r\n\r\n.days {\r\n  display: grid;\r\n  grid-template-columns: repeat(7, 1fr);\r\n  gap: 5px;\r\n  padding: 10px;\r\n}\r\n\r\n.day {\r\n  padding: 10px;\r\n  text-align: center;\r\n  border-radius: 5px;\r\n  cursor: pointer;\r\n}\r\n\r\n.day.current {\r\n  background-color: #3498db;\r\n  color: white;\r\n}\r\n\r\n.day.selected {\r\n  background-color: #2ecc71;\r\n  color: white;\r\n}\r\n\r\n#dateInput {\r\n  width: 100%;\r\n  padding: 10px;\r\n  border: 1px solid #ccc;\r\n  border-radius: 5px;\r\n  font-size: 14px;\r\n  outline: none;\r\n  cursor: pointer;\r\n}<\/style>[vc_row el_class=\"w1600\" conditional_render=\"%5B%7B%22value_role%22%3A%22administrator%22%7D%5D\"][vc_column width=\"1\/2\"][vc_row_inner][vc_column_inner][vc_column_text css=\"\" el_class=\"contact_title\"]<\/p>\r\n<div class=\"c-scrollbar__hider\" role=\"presentation\" data-qa=\"slack_kit_scrollbar\">\r\n<div class=\"c-scrollbar__child\" role=\"presentation\">\r\n<div class=\"c-virtual_list__scroll_container\" tabindex=\"-1\" role=\"list\" data-qa=\"slack_kit_list\" aria-label=\"Matina (direct message, active)\">\r\n<div id=\"1731512315.437009\" class=\"c-virtual_list__item\" tabindex=\"0\" role=\"listitem\" aria-setsize=\"-1\" data-qa=\"virtual-list-item\" data-item-key=\"1731512315.437009\">\r\n<div class=\"c-message_kit__background p-message_pane_message__message c-message_kit__message p-message_pane_message__message--last\" role=\"presentation\" data-qa=\"message_container\" data-qa-unprocessed=\"false\" data-qa-placeholder=\"false\">\r\n<div class=\"c-message_kit__hover\" role=\"document\" aria-roledescription=\"message\" data-qa-hover=\"true\">\r\n<div class=\"c-message_kit__actions c-message_kit__actions--default\">\r\n<div class=\"c-message_kit__gutter\">\r\n<div class=\"c-message_kit__gutter__right\" role=\"presentation\" data-qa=\"message_content\">\r\n<div class=\"c-message_kit__blocks c-message_kit__blocks--rich_text\">\r\n<div class=\"c-message__message_blocks c-message__message_blocks--rich_text\" data-qa=\"message-text\">\r\n<div class=\"p-block_kit_renderer\" data-qa=\"block-kit-renderer\">\r\n<div class=\"p-block_kit_renderer__block_wrapper p-block_kit_renderer__block_wrapper--first\">\r\n<div class=\"p-rich_text_block\" dir=\"auto\">\r\n<div class=\"p-rich_text_section\">Einen Termin buchen<\/div>\r\n<\/div>\r\n<\/div>\r\n<\/div>\r\n<\/div>\r\n<\/div>\r\n<\/div>\r\n<\/div>\r\n<\/div>\r\n<\/div>\r\n<\/div>\r\n<\/div>\r\n<\/div>\r\n<\/div>\r\n<\/div>\r\n<p>[\/vc_column_text][vc_column_text css=\"\" el_class=\"contact_text\"]Wir stehen Ihnen jederzeit zur Verf\u00fcgung, um Ihnen zu helfen und all Ihre Fragen zu beantworten.[\/vc_column_text][\/vc_column_inner][\/vc_row_inner][vc_row_inner][vc_column_inner][vc_column_text css=\"\" el_class=\"call_us_text contact call_us_text_eng\"]<span style=\"font-size: 12px;\">RUFEN SIE UNS AN<\/span><br \/>\r\n+30 210 777 99 20 \/ +30 210 691 12 00[\/vc_column_text][\/vc_column_inner][\/vc_row_inner][\/vc_column][vc_column width=\"1\/2\"][vc_row_inner][vc_column_inner][vc_column_text css=\"\"]\n<div class=\"wpcf7 no-js\" id=\"wpcf7-f2443-o1\" lang=\"de-DE\" dir=\"ltr\">\n<div class=\"screen-reader-response\"><p role=\"status\" aria-live=\"polite\" aria-atomic=\"true\"><\/p> <ul><\/ul><\/div>\n<form action=\"\/de\/wp-json\/wp\/v2\/pages\/2424#wpcf7-f2443-o1\" method=\"post\" class=\"wpcf7-form init\" aria-label=\"Contact form\" novalidate=\"novalidate\" data-status=\"init\">\n<div style=\"display: none;\">\n<input type=\"hidden\" name=\"_wpcf7\" value=\"2443\" \/>\n<input type=\"hidden\" name=\"_wpcf7_version\" value=\"5.9.4\" \/>\n<input type=\"hidden\" name=\"_wpcf7_locale\" value=\"de_DE\" \/>\n<input type=\"hidden\" name=\"_wpcf7_unit_tag\" value=\"wpcf7-f2443-o1\" \/>\n<input type=\"hidden\" name=\"_wpcf7_container_post\" value=\"0\" \/>\n<input type=\"hidden\" name=\"_wpcf7_posted_data_hash\" value=\"\" \/>\n<\/div>\n<div id=\"contact_form\">\n<div class=\"contact_row\">\n  <label for=\"name\"> Full Name*\n      <span class=\"wpcf7-form-control-wrap\" data-name=\"your-name\"><input size=\"40\" class=\"wpcf7-form-control wpcf7-text wpcf7-validates-as-required\" id=\"name\" autocomplete=\"name\" aria-required=\"true\" aria-invalid=\"false\" value=\"\" type=\"text\" name=\"your-name\" \/><\/span> \n  <\/label>\n\n  <label for=\"telephone\"> Telephone*\n      <span class=\"wpcf7-form-control-wrap\" data-name=\"tel-858\"><input size=\"40\" class=\"wpcf7-form-control wpcf7-tel wpcf7-validates-as-required wpcf7-text wpcf7-validates-as-tel\" id=\"telephone\" aria-required=\"true\" aria-invalid=\"false\" value=\"\" type=\"tel\" name=\"tel-858\" \/><\/span>\n  <\/label>\n<\/div>\n\n<div class=\"contact_row\">\n  <label for=\"email\"> Email*\n      <span class=\"wpcf7-form-control-wrap\" data-name=\"your-email\"><input size=\"40\" class=\"wpcf7-form-control wpcf7-email wpcf7-validates-as-required wpcf7-text wpcf7-validates-as-email\" id=\"email\" autocomplete=\"email\" aria-required=\"true\" aria-invalid=\"false\" value=\"\" type=\"email\" name=\"your-email\" \/><\/span> \n  <\/label>\n\n  <label for=\"country\"> Country\n      <span class=\"wpcf7-form-control-wrap\" data-name=\"text-784\"><input size=\"40\" class=\"wpcf7-form-control wpcf7-text\" id=\"country\" aria-invalid=\"false\" value=\"\" type=\"text\" name=\"text-784\" \/><\/span>\n  <\/label>\n<\/div>\n\n<div class=\"contact_row_2\">\n  <label for=\"mhnyma\"> Message* \n      <span class=\"wpcf7-form-control-wrap\" data-name=\"textarea-219\"><textarea cols=\"40\" rows=\"10\" class=\"wpcf7-form-control wpcf7-textarea wpcf7-validates-as-required\" id=\"mhnyma\" aria-required=\"true\" aria-invalid=\"false\" name=\"textarea-219\"><\/textarea><\/span>\n  <\/label>\n<\/div>\n\n<div class=\"contact_row_2\">\n  <input class=\"wpcf7-form-control wpcf7-submit has-spinner\" type=\"submit\" value=\"SEND\" \/>\n<\/div><div class=\"wpcf7-response-output\" aria-hidden=\"true\"><\/div>\n<\/form>\n<\/div>\n[\/vc_column_text][\/vc_column_inner][\/vc_row_inner][\/vc_column][\/vc_row]<\/div>[\/vc_column][\/vc_row][\/vc_section]<\/p>\n<\/div>","protected":false},"excerpt":{"rendered":"<p>[vc_section el_id=&#8220;service_1&#8243; conditional_render=&#8220;%5B%7B%22value_role%22%3A%22administrator%22%7D%5D&#8220;][vc_row conditional_render=&#8220;%5B%7B%22value_role%22%3A%22administrator%22%7D%5D&#8220; el_class=&#8220;w1600&#8243;][vc_column width=&#8220;7\/12&#8243;][vc_column_text css=&#8220;&#8220; el_class=&#8220;service_title&#8220;]Abkl\u00e4rungszyklus[\/vc_column_text][vc_column_text css=&#8220;&#8220; el_class=&#8220;service_text&#8220;]Kurz\u00fcbersicht Die n\u00f6tigen Untersuchungen werden mit Vorteil in den Ablauf eines nat\u00fcrlichen Zyklus gelegt. Damit kann die ganze Dynamik der Abfolge von Hormon\u00e4nderungen erfasst und beurteilt werden. Nach einem gut strukturierten Abkl\u00e4rungsgang wird es in den meisten F\u00e4llen m\u00f6glich sein, nach kurzer Zeit mit dem betroffenen [&hellip;]<\/p>\n","protected":false},"author":1,"featured_media":0,"parent":0,"menu_order":0,"comment_status":"closed","ping_status":"closed","template":"","meta":{"_acf_changed":false,"footnotes":""},"class_list":["post-2424","page","type-page","status-publish","hentry"],"acf":[],"yoast_head":"<!-- This site is optimized with the Yoast SEO plugin v22.7 - https:\/\/yoast.com\/wordpress\/plugins\/seo\/ -->\n<title>Abkl\u00e4rungszyklus<\/title>\n<meta name=\"description\" content=\"Abkl\u00e4rungszyklus - Embryoland\" \/>\n<meta name=\"robots\" content=\"index, follow, max-snippet:-1, max-image-preview:large, max-video-preview:-1\" \/>\n<link rel=\"canonical\" href=\"https:\/\/embryoland.gr\/de\/abklaerungszyklus\/\" \/>\n<meta property=\"og:locale\" content=\"de_DE\" \/>\n<meta property=\"og:type\" content=\"article\" \/>\n<meta property=\"og:title\" content=\"Abkl\u00e4rungszyklus\" \/>\n<meta property=\"og:description\" content=\"Abkl\u00e4rungszyklus - Embryoland\" \/>\n<meta property=\"og:url\" content=\"https:\/\/embryoland.gr\/de\/abklaerungszyklus\/\" \/>\n<meta property=\"og:site_name\" content=\"Embryoland\" \/>\n<meta property=\"article:modified_time\" content=\"2024-11-12T17:08:34+00:00\" \/>\n<meta name=\"twitter:card\" content=\"summary_large_image\" \/>\n<meta name=\"twitter:label1\" content=\"Gesch\u00e4tzte Lesezeit\" \/>\n\t<meta name=\"twitter:data1\" content=\"3\u00a0Minuten\" \/>\n<script type=\"application\/ld+json\" class=\"yoast-schema-graph\">{\"@context\":\"https:\/\/schema.org\",\"@graph\":[{\"@type\":\"WebPage\",\"@id\":\"https:\/\/embryoland.gr\/de\/abklaerungszyklus\/\",\"url\":\"https:\/\/embryoland.gr\/de\/abklaerungszyklus\/\",\"name\":\"Abkl\u00e4rungszyklus\",\"isPartOf\":{\"@id\":\"https:\/\/embryoland.gr\/de\/#website\"},\"datePublished\":\"2024-05-27T11:20:13+00:00\",\"dateModified\":\"2024-11-12T17:08:34+00:00\",\"description\":\"Abkl\u00e4rungszyklus - Embryoland\",\"breadcrumb\":{\"@id\":\"https:\/\/embryoland.gr\/de\/abklaerungszyklus\/#breadcrumb\"},\"inLanguage\":\"de\",\"potentialAction\":[{\"@type\":\"ReadAction\",\"target\":[\"https:\/\/embryoland.gr\/de\/abklaerungszyklus\/\"]}]},{\"@type\":\"BreadcrumbList\",\"@id\":\"https:\/\/embryoland.gr\/de\/abklaerungszyklus\/#breadcrumb\",\"itemListElement\":[{\"@type\":\"ListItem\",\"position\":1,\"name\":\"Home\",\"item\":\"https:\/\/embryoland.gr\/de\/\"},{\"@type\":\"ListItem\",\"position\":2,\"name\":\"Abkl\u00e4rungszyklus\"}]},{\"@type\":\"WebSite\",\"@id\":\"https:\/\/embryoland.gr\/de\/#website\",\"url\":\"https:\/\/embryoland.gr\/de\/\",\"name\":\"Embryoland\",\"description\":\"\",\"publisher\":{\"@id\":\"https:\/\/embryoland.gr\/de\/#organization\"},\"potentialAction\":[{\"@type\":\"SearchAction\",\"target\":{\"@type\":\"EntryPoint\",\"urlTemplate\":\"https:\/\/embryoland.gr\/de\/?s={search_term_string}\"},\"query-input\":\"required name=search_term_string\"}],\"inLanguage\":\"de\"},{\"@type\":\"Organization\",\"@id\":\"https:\/\/embryoland.gr\/de\/#organization\",\"name\":\"Embryoland\",\"url\":\"https:\/\/embryoland.gr\/de\/\",\"logo\":{\"@type\":\"ImageObject\",\"inLanguage\":\"de\",\"@id\":\"https:\/\/embryoland.gr\/de\/#\/schema\/logo\/image\/\",\"url\":\"https:\/\/embryoland.gr\/wp-content\/uploads\/2024\/05\/logo-embryoland.png\",\"contentUrl\":\"https:\/\/embryoland.gr\/wp-content\/uploads\/2024\/05\/logo-embryoland.png\",\"width\":330,\"height\":72,\"caption\":\"Embryoland\"},\"image\":{\"@id\":\"https:\/\/embryoland.gr\/de\/#\/schema\/logo\/image\/\"}}]}<\/script>\n<!-- \/ Yoast SEO plugin. -->","yoast_head_json":{"title":"Abkl\u00e4rungszyklus","description":"Abkl\u00e4rungszyklus - Embryoland","robots":{"index":"index","follow":"follow","max-snippet":"max-snippet:-1","max-image-preview":"max-image-preview:large","max-video-preview":"max-video-preview:-1"},"canonical":"https:\/\/embryoland.gr\/de\/abklaerungszyklus\/","og_locale":"de_DE","og_type":"article","og_title":"Abkl\u00e4rungszyklus","og_description":"Abkl\u00e4rungszyklus - Embryoland","og_url":"https:\/\/embryoland.gr\/de\/abklaerungszyklus\/","og_site_name":"Embryoland","article_modified_time":"2024-11-12T17:08:34+00:00","twitter_card":"summary_large_image","twitter_misc":{"Gesch\u00e4tzte Lesezeit":"3\u00a0Minuten"},"schema":{"@context":"https:\/\/schema.org","@graph":[{"@type":"WebPage","@id":"https:\/\/embryoland.gr\/de\/abklaerungszyklus\/","url":"https:\/\/embryoland.gr\/de\/abklaerungszyklus\/","name":"Abkl\u00e4rungszyklus","isPartOf":{"@id":"https:\/\/embryoland.gr\/de\/#website"},"datePublished":"2024-05-27T11:20:13+00:00","dateModified":"2024-11-12T17:08:34+00:00","description":"Abkl\u00e4rungszyklus - Embryoland","breadcrumb":{"@id":"https:\/\/embryoland.gr\/de\/abklaerungszyklus\/#breadcrumb"},"inLanguage":"de","potentialAction":[{"@type":"ReadAction","target":["https:\/\/embryoland.gr\/de\/abklaerungszyklus\/"]}]},{"@type":"BreadcrumbList","@id":"https:\/\/embryoland.gr\/de\/abklaerungszyklus\/#breadcrumb","itemListElement":[{"@type":"ListItem","position":1,"name":"Home","item":"https:\/\/embryoland.gr\/de\/"},{"@type":"ListItem","position":2,"name":"Abkl\u00e4rungszyklus"}]},{"@type":"WebSite","@id":"https:\/\/embryoland.gr\/de\/#website","url":"https:\/\/embryoland.gr\/de\/","name":"Embryoland","description":"","publisher":{"@id":"https:\/\/embryoland.gr\/de\/#organization"},"potentialAction":[{"@type":"SearchAction","target":{"@type":"EntryPoint","urlTemplate":"https:\/\/embryoland.gr\/de\/?s={search_term_string}"},"query-input":"required name=search_term_string"}],"inLanguage":"de"},{"@type":"Organization","@id":"https:\/\/embryoland.gr\/de\/#organization","name":"Embryoland","url":"https:\/\/embryoland.gr\/de\/","logo":{"@type":"ImageObject","inLanguage":"de","@id":"https:\/\/embryoland.gr\/de\/#\/schema\/logo\/image\/","url":"https:\/\/embryoland.gr\/wp-content\/uploads\/2024\/05\/logo-embryoland.png","contentUrl":"https:\/\/embryoland.gr\/wp-content\/uploads\/2024\/05\/logo-embryoland.png","width":330,"height":72,"caption":"Embryoland"},"image":{"@id":"https:\/\/embryoland.gr\/de\/#\/schema\/logo\/image\/"}}]}},"_links":{"self":[{"href":"https:\/\/embryoland.gr\/de\/wp-json\/wp\/v2\/pages\/2424","targetHints":{"allow":["GET"]}}],"collection":[{"href":"https:\/\/embryoland.gr\/de\/wp-json\/wp\/v2\/pages"}],"about":[{"href":"https:\/\/embryoland.gr\/de\/wp-json\/wp\/v2\/types\/page"}],"author":[{"embeddable":true,"href":"https:\/\/embryoland.gr\/de\/wp-json\/wp\/v2\/users\/1"}],"replies":[{"embeddable":true,"href":"https:\/\/embryoland.gr\/de\/wp-json\/wp\/v2\/comments?post=2424"}],"version-history":[{"count":4,"href":"https:\/\/embryoland.gr\/de\/wp-json\/wp\/v2\/pages\/2424\/revisions"}],"predecessor-version":[{"id":2429,"href":"https:\/\/embryoland.gr\/de\/wp-json\/wp\/v2\/pages\/2424\/revisions\/2429"}],"wp:attachment":[{"href":"https:\/\/embryoland.gr\/de\/wp-json\/wp\/v2\/media?parent=2424"}],"curies":[{"name":"wp","href":"https:\/\/api.w.org\/{rel}","templated":true}]}}