{"id":2264,"date":"2024-05-14T17:15:01","date_gmt":"2024-05-14T14:15:01","guid":{"rendered":"https:\/\/embryoland.gr\/doctors\/drkanakas\/"},"modified":"2024-11-12T17:30:02","modified_gmt":"2024-11-12T15:30:02","slug":"drkanakas","status":"publish","type":"page","link":"https:\/\/embryoland.gr\/de\/doctors\/drkanakas\/","title":{"rendered":"Dr. med. Nikos Kanakas"},"content":{"rendered":"<div class=\"wpb-content-wrapper\"><p>[vc_section el_id=&#8220;doctor_1&#8243; conditional_render=&#8220;%5B%7B%22value_role%22%3A%22administrator%22%7D%5D&#8220; css=&#8220;.vc_custom_1715696244631{background-color: #edf7fc !important;}&#8220;][vc_row el_class=&#8220;w1600&#8243; conditional_render=&#8220;%5B%7B%22value_role%22%3A%22administrator%22%7D%5D&#8220;][vc_column width=&#8220;2\/3&#8243;][vc_column_text css=&#8220;&#8220; el_class=&#8220;doctor_title&#8220;]Dr. med. Nikos Kanakas[\/vc_column_text][vc_column_text css=&#8220;&#8220; el_class=&#8220;doctor_text&#8220;]Gr\u00fcnder und Gesch\u00e4ftsf\u00fchrer von Embryoland Kinderwunschzentrum Athen.<\/p>\n<p>Nach dem Studium der Medizin an der Universit\u00e4t Athen 1984, war Dr. Kanakas von 1986 &#8211; 1988, als Stipendiat des DAAD, wissenschaftlicher Mitarbeiter an der Universit\u00e4tsfrauenklinik Heidelberg unter der Leitung von Professor Dr. med. Benno Runnebaum sowie Professor Dr.med Thomas Rabe. 1990 verleihte die Universit\u00e4t Heidelberg den Doktortitel an der Dr. Kanakas. 1991 erlangte Dr. Kanakas den Facharzttitel f\u00fcr Gyn\u00e4kologie und Geburtshilfe.<\/p>\n<p>Seit 1991 Subspezialit\u00e4t: Gyn\u00e4kologische Endokrinologie und Reproduktionsmedizin Seit 1991 arbeitet Dr. Kanakas als leitender Arzt in der ersten IVF-Klinik in Athen (Euromedica) und als niedergelassener Gyn\u00e4kologe in Athen.<\/p>\n<p>2001 verleiht der B\u00fcrgermeister von Athen die \u201eGoldene Ehrenmedallie f\u00fcr besondere Leistungen\u201c an Dr. Kanakas und Prof. Mantzavinos aufgrund der Tatsache, dass sie mit ihrem Team in der ersten IVF-Klinik von Athen \u00fcber 2.000 Kinder zur Welt gebracht haben. Das Team von Dr. Kanakas hat bis heute mehr als 3.500 Eltern helfen k\u00f6nnen, ihr Wunschkind zu bekommen.<\/p>\n<p>2007 Gr\u00fcndung von Embryoland Kinderwunschzentrum Athen.<\/p>\n<p>Dr. Kanakas ist Mitglied der American Society for Reproductive Medicine (ASRM), der European Society for Human Reproduction and Embryologie (ESHRE) und der Griechischen Gesellschaft f\u00fcr gyn\u00e4kologische Endokrinologie und Reproduktionsmedizin.[\/vc_column_text][vc_column_text css=&#8220;.vc_custom_1731425198251{margin-bottom: 80px !important;}&#8220; el_class=&#8220;text_4&#8243;]<a href=\"https:\/\/embryoland.gr\/en\/doctors\/publications-dr-kanakas\/\">MEHR INFOS<\/a>[\/vc_column_text][\/vc_column][vc_column width=&#8220;1\/3&#8243;][vc_single_image image=&#8220;684&#8243; img_size=&#8220;full&#8220; alignment=&#8220;center&#8220; css=&#8220;&#8220; el_class=&#8220;doctor_image&#8220;][\/vc_column][\/vc_row][vc_row disable_element=&#8220;yes&#8220; el_class=&#8220;w1440 doctor_inner_images&#8220; conditional_render=&#8220;%5B%7B%22value_role%22%3A%22administrator%22%7D%5D&#8220;][vc_column width=&#8220;1\/3&#8243;][vc_single_image image=&#8220;897&#8243; img_size=&#8220;full&#8220; onclick=&#8220;link_image&#8220; css=&#8220;&#8220;][\/vc_column][vc_column width=&#8220;1\/3&#8243;][vc_single_image image=&#8220;893&#8243; img_size=&#8220;full&#8220; onclick=&#8220;link_image&#8220; css=&#8220;&#8220;][\/vc_column][vc_column width=&#8220;1\/3&#8243;][vc_single_image image=&#8220;894&#8243; img_size=&#8220;full&#8220; onclick=&#8220;link_image&#8220; css=&#8220;&#8220;][\/vc_column][\/vc_row][vc_row disable_element=&#8220;yes&#8220; el_class=&#8220;w1440 doctor_inner_images&#8220; conditional_render=&#8220;%5B%7B%22value_role%22%3A%22administrator%22%7D%5D&#8220;][vc_column width=&#8220;1\/3&#8243;][vc_single_image image=&#8220;900&#8243; img_size=&#8220;full&#8220; onclick=&#8220;link_image&#8220; css=&#8220;&#8220;][\/vc_column][vc_column width=&#8220;1\/3&#8243;][vc_single_image image=&#8220;895&#8243; img_size=&#8220;full&#8220; onclick=&#8220;link_image&#8220; css=&#8220;&#8220;][\/vc_column][vc_column width=&#8220;1\/3&#8243;][vc_single_image image=&#8220;896&#8243; img_size=&#8220;full&#8220; onclick=&#8220;link_image&#8220; css=&#8220;&#8220;][\/vc_column][\/vc_row][vc_row wrap_container=&#8220;yes&#8220; conditional_render=&#8220;%5B%7B%22value_role%22%3A%22administrator%22%7D%5D&#8220;][vc_column text_align=&#8220;center&#8220; conditional_render=&#8220;%5B%7B%22value_role%22%3A%22administrator%22%7D%5D&#8220;][vc_gallery type=&#8220;image_grid&#8220; images=&#8220;897,893,214,208,209,1692,1061&#8243; img_size=&#8220;400 X 300&#8243; css=&#8220;&#8220;][\/vc_column][\/vc_row][\/vc_section][vc_section el_id=&#8220;contact&#8220; conditional_render=&#8220;%5B%7B%22value_role%22%3A%22administrator%22%7D%5D&#8220;][vc_row][vc_column]<div class=\"porto-block\" data-id=\"2454\"><style>.calendar-box {\r\n  text-align: center;\r\n  padding: 20px;\r\n  border: 1px solid #ccc;\r\n  border-radius: 10px;\r\n  background-color: white;\r\n  box-shadow: 0 2px 10px rgba(0, 0, 0, 0.1);\r\n  width: 300px;\r\n}\r\n\r\n.calendar-title {\r\n  font-size: 18px;\r\n  margin-bottom: 10px;\r\n  color: #333;\r\n}\r\n\r\n.calendar {\r\n  background-color: white;\r\n  border-radius: 10px;\r\n  box-shadow: 0 2px 10px rgba(0, 0, 0, 0.1);\r\n  width: 300px;\r\n  position: absolute;\r\n  z-index: 1;\r\n  display: none;\r\n}\r\n\r\n.header {\r\n  background-color: #3498db;\r\n  color: white;\r\n  display: flex;\r\n  justify-content: space-between;\r\n  align-items: center;\r\n  padding: 10px;\r\n  border-top-left-radius: 10px;\r\n  border-top-right-radius: 10px;\r\n}\r\n\r\n#prevBtn,\r\n#nextBtn {\r\n  background: none;\r\n  border: none;\r\n  color: white;\r\n  cursor: pointer;\r\n  font-size: 16px;\r\n}\r\n\r\n#monthYear {\r\n  font-size: 18px;\r\n  font-weight: bold;\r\n}\r\n\r\n.days {\r\n  display: grid;\r\n  grid-template-columns: repeat(7, 1fr);\r\n  gap: 5px;\r\n  padding: 10px;\r\n}\r\n\r\n.day {\r\n  padding: 10px;\r\n  text-align: center;\r\n  border-radius: 5px;\r\n  cursor: pointer;\r\n}\r\n\r\n.day.current {\r\n  background-color: #3498db;\r\n  color: white;\r\n}\r\n\r\n.day.selected {\r\n  background-color: #2ecc71;\r\n  color: white;\r\n}\r\n\r\n#dateInput {\r\n  width: 100%;\r\n  padding: 10px;\r\n  border: 1px solid #ccc;\r\n  border-radius: 5px;\r\n  font-size: 14px;\r\n  outline: none;\r\n  cursor: pointer;\r\n}<\/style>[vc_row el_class=\"w1600\" conditional_render=\"%5B%7B%22value_role%22%3A%22administrator%22%7D%5D\"][vc_column width=\"1\/2\"][vc_row_inner][vc_column_inner][vc_column_text css=\"\" el_class=\"contact_title\"]<\/p>\r\n<div class=\"c-scrollbar__hider\" role=\"presentation\" data-qa=\"slack_kit_scrollbar\">\r\n<div class=\"c-scrollbar__child\" role=\"presentation\">\r\n<div class=\"c-virtual_list__scroll_container\" tabindex=\"-1\" role=\"list\" data-qa=\"slack_kit_list\" aria-label=\"Matina (direct message, active)\">\r\n<div id=\"1731512315.437009\" class=\"c-virtual_list__item\" tabindex=\"0\" role=\"listitem\" aria-setsize=\"-1\" data-qa=\"virtual-list-item\" data-item-key=\"1731512315.437009\">\r\n<div class=\"c-message_kit__background p-message_pane_message__message c-message_kit__message p-message_pane_message__message--last\" role=\"presentation\" data-qa=\"message_container\" data-qa-unprocessed=\"false\" data-qa-placeholder=\"false\">\r\n<div class=\"c-message_kit__hover\" role=\"document\" aria-roledescription=\"message\" data-qa-hover=\"true\">\r\n<div class=\"c-message_kit__actions c-message_kit__actions--default\">\r\n<div class=\"c-message_kit__gutter\">\r\n<div class=\"c-message_kit__gutter__right\" role=\"presentation\" data-qa=\"message_content\">\r\n<div class=\"c-message_kit__blocks c-message_kit__blocks--rich_text\">\r\n<div class=\"c-message__message_blocks c-message__message_blocks--rich_text\" data-qa=\"message-text\">\r\n<div class=\"p-block_kit_renderer\" data-qa=\"block-kit-renderer\">\r\n<div class=\"p-block_kit_renderer__block_wrapper p-block_kit_renderer__block_wrapper--first\">\r\n<div class=\"p-rich_text_block\" dir=\"auto\">\r\n<div class=\"p-rich_text_section\">Einen Termin buchen<\/div>\r\n<\/div>\r\n<\/div>\r\n<\/div>\r\n<\/div>\r\n<\/div>\r\n<\/div>\r\n<\/div>\r\n<\/div>\r\n<\/div>\r\n<\/div>\r\n<\/div>\r\n<\/div>\r\n<\/div>\r\n<\/div>\r\n<p>[\/vc_column_text][vc_column_text css=\"\" el_class=\"contact_text\"]Wir stehen Ihnen jederzeit zur Verf\u00fcgung, um Ihnen zu helfen und all Ihre Fragen zu beantworten.[\/vc_column_text][\/vc_column_inner][\/vc_row_inner][vc_row_inner][vc_column_inner][vc_column_text css=\"\" el_class=\"call_us_text contact call_us_text_eng\"]<span style=\"font-size: 12px;\">RUFEN SIE UNS AN<\/span><br \/>\r\n+30 210 777 99 20 \/ +30 210 691 12 00[\/vc_column_text][\/vc_column_inner][\/vc_row_inner][\/vc_column][vc_column width=\"1\/2\"][vc_row_inner][vc_column_inner][vc_column_text css=\"\"]\n<div class=\"wpcf7 no-js\" id=\"wpcf7-f2443-o1\" lang=\"de-DE\" dir=\"ltr\">\n<div class=\"screen-reader-response\"><p role=\"status\" aria-live=\"polite\" aria-atomic=\"true\"><\/p> <ul><\/ul><\/div>\n<form action=\"\/de\/wp-json\/wp\/v2\/pages\/2264#wpcf7-f2443-o1\" method=\"post\" class=\"wpcf7-form init\" aria-label=\"Contact form\" novalidate=\"novalidate\" data-status=\"init\">\n<div style=\"display: none;\">\n<input type=\"hidden\" name=\"_wpcf7\" value=\"2443\" \/>\n<input type=\"hidden\" name=\"_wpcf7_version\" value=\"5.9.4\" \/>\n<input type=\"hidden\" name=\"_wpcf7_locale\" value=\"de_DE\" \/>\n<input type=\"hidden\" name=\"_wpcf7_unit_tag\" value=\"wpcf7-f2443-o1\" \/>\n<input type=\"hidden\" name=\"_wpcf7_container_post\" value=\"0\" \/>\n<input type=\"hidden\" name=\"_wpcf7_posted_data_hash\" value=\"\" \/>\n<input type=\"hidden\" name=\"_wpcf7_recaptcha_response\" value=\"\" \/>\n<\/div>\n<div id=\"contact_form\">\n<div class=\"contact_row\">\n  <label for=\"name\"> Full Name*\n      <span class=\"wpcf7-form-control-wrap\" data-name=\"your-name\"><input size=\"40\" class=\"wpcf7-form-control wpcf7-text wpcf7-validates-as-required\" id=\"name\" autocomplete=\"name\" aria-required=\"true\" aria-invalid=\"false\" value=\"\" type=\"text\" name=\"your-name\" \/><\/span> \n  <\/label>\n\n  <label for=\"telephone\"> Telephone*\n      <span class=\"wpcf7-form-control-wrap\" data-name=\"tel-858\"><input size=\"40\" class=\"wpcf7-form-control wpcf7-tel wpcf7-validates-as-required wpcf7-text wpcf7-validates-as-tel\" id=\"telephone\" aria-required=\"true\" aria-invalid=\"false\" value=\"\" type=\"tel\" name=\"tel-858\" \/><\/span>\n  <\/label>\n<\/div>\n\n<div class=\"contact_row\">\n  <label for=\"email\"> Email*\n      <span class=\"wpcf7-form-control-wrap\" data-name=\"your-email\"><input size=\"40\" class=\"wpcf7-form-control wpcf7-email wpcf7-validates-as-required wpcf7-text wpcf7-validates-as-email\" id=\"email\" autocomplete=\"email\" aria-required=\"true\" aria-invalid=\"false\" value=\"\" type=\"email\" name=\"your-email\" \/><\/span> \n  <\/label>\n\n  <label for=\"country\"> Country\n      <span class=\"wpcf7-form-control-wrap\" data-name=\"text-784\"><input size=\"40\" class=\"wpcf7-form-control wpcf7-text\" id=\"country\" aria-invalid=\"false\" value=\"\" type=\"text\" name=\"text-784\" \/><\/span>\n  <\/label>\n<\/div>\n\n<div class=\"contact_row_2\">\n  <label for=\"mhnyma\"> Message* \n      <span class=\"wpcf7-form-control-wrap\" data-name=\"textarea-219\"><textarea cols=\"40\" rows=\"10\" class=\"wpcf7-form-control wpcf7-textarea wpcf7-validates-as-required\" id=\"mhnyma\" aria-required=\"true\" aria-invalid=\"false\" name=\"textarea-219\"><\/textarea><\/span>\n  <\/label>\n<\/div>\n\n<div class=\"contact_row_2\">\n  <input class=\"wpcf7-form-control wpcf7-submit has-spinner\" type=\"submit\" value=\"SEND\" \/>\n<\/div><div class=\"wpcf7-response-output\" aria-hidden=\"true\"><\/div>\n<\/form>\n<\/div>\n[\/vc_column_text][\/vc_column_inner][\/vc_row_inner][\/vc_column][\/vc_row]<\/div>[\/vc_column][\/vc_row][\/vc_section]<\/p>\n<\/div>","protected":false},"excerpt":{"rendered":"<p>[vc_section el_id=&#8220;doctor_1&#8243; conditional_render=&#8220;%5B%7B%22value_role%22%3A%22administrator%22%7D%5D&#8220; css=&#8220;.vc_custom_1715696244631{background-color: #edf7fc !important;}&#8220;][vc_row el_class=&#8220;w1600&#8243; conditional_render=&#8220;%5B%7B%22value_role%22%3A%22administrator%22%7D%5D&#8220;][vc_column width=&#8220;2\/3&#8243;][vc_column_text css=&#8220;&#8220; el_class=&#8220;doctor_title&#8220;]Dr. med. Nikos Kanakas[\/vc_column_text][vc_column_text css=&#8220;&#8220; el_class=&#8220;doctor_text&#8220;]Gr\u00fcnder und Gesch\u00e4ftsf\u00fchrer von Embryoland Kinderwunschzentrum Athen. Nach dem Studium der Medizin an der Universit\u00e4t Athen 1984, war Dr. Kanakas von 1986 &#8211; 1988, als Stipendiat des DAAD, wissenschaftlicher Mitarbeiter an der Universit\u00e4tsfrauenklinik Heidelberg unter der Leitung von Professor Dr. [&hellip;]<\/p>\n","protected":false},"author":1,"featured_media":0,"parent":2248,"menu_order":0,"comment_status":"closed","ping_status":"closed","template":"","meta":{"_acf_changed":false,"footnotes":""},"class_list":["post-2264","page","type-page","status-publish","hentry"],"acf":[],"yoast_head":"<!-- This site is optimized with the Yoast SEO plugin v22.7 - https:\/\/yoast.com\/wordpress\/plugins\/seo\/ -->\n<title>Dr. med. Nikos Kanakas, Kinderwunschbehandlung Griechenland Embryoland<\/title>\n<meta name=\"description\" content=\"Dr. med. Nikos Kanakas - Facharzt f\u00fcr Gyn\u00e4kologie und Geburtshilfe mit Spezialgebiet \/ Subspezialit\u00e4t Gyn\u00e4kologische Endokrinologie und Reproduktionsmedizin. Promoviert an der Universit\u00e4tsfrauenklinik Heidelberg unter der Leitung von Professor Dr. med. Benno Runnebaum sowie Professor Dr.med Thomas Rabe\" \/>\n<meta name=\"robots\" content=\"index, follow, max-snippet:-1, max-image-preview:large, max-video-preview:-1\" \/>\n<link rel=\"canonical\" href=\"https:\/\/embryoland.gr\/de\/doctors\/drkanakas\/\" \/>\n<meta property=\"og:locale\" content=\"de_DE\" \/>\n<meta property=\"og:type\" content=\"article\" \/>\n<meta property=\"og:title\" content=\"Dr. med. Nikos Kanakas, Kinderwunschbehandlung Griechenland Embryoland\" \/>\n<meta property=\"og:description\" content=\"Dr. med. Nikos Kanakas - Facharzt f\u00fcr Gyn\u00e4kologie und Geburtshilfe mit Spezialgebiet \/ Subspezialit\u00e4t Gyn\u00e4kologische Endokrinologie und Reproduktionsmedizin. Promoviert an der Universit\u00e4tsfrauenklinik Heidelberg unter der Leitung von Professor Dr. med. Benno Runnebaum sowie Professor Dr.med Thomas Rabe\" \/>\n<meta property=\"og:url\" content=\"https:\/\/embryoland.gr\/de\/doctors\/drkanakas\/\" \/>\n<meta property=\"og:site_name\" content=\"Embryoland\" \/>\n<meta property=\"article:modified_time\" content=\"2024-11-12T15:30:02+00:00\" \/>\n<meta name=\"twitter:card\" content=\"summary_large_image\" \/>\n<meta name=\"twitter:label1\" content=\"Gesch\u00e4tzte Lesezeit\" \/>\n\t<meta name=\"twitter:data1\" content=\"5\u00a0Minuten\" \/>\n<script type=\"application\/ld+json\" class=\"yoast-schema-graph\">{\"@context\":\"https:\/\/schema.org\",\"@graph\":[{\"@type\":\"WebPage\",\"@id\":\"https:\/\/embryoland.gr\/de\/doctors\/drkanakas\/\",\"url\":\"https:\/\/embryoland.gr\/de\/doctors\/drkanakas\/\",\"name\":\"Dr. med. Nikos Kanakas, Kinderwunschbehandlung Griechenland Embryoland\",\"isPartOf\":{\"@id\":\"https:\/\/embryoland.gr\/de\/#website\"},\"datePublished\":\"2024-05-14T14:15:01+00:00\",\"dateModified\":\"2024-11-12T15:30:02+00:00\",\"description\":\"Dr. med. Nikos Kanakas - Facharzt f\u00fcr Gyn\u00e4kologie und Geburtshilfe mit Spezialgebiet \/ Subspezialit\u00e4t Gyn\u00e4kologische Endokrinologie und Reproduktionsmedizin. Promoviert an der Universit\u00e4tsfrauenklinik Heidelberg unter der Leitung von Professor Dr. med. Benno Runnebaum sowie Professor Dr.med Thomas Rabe\",\"breadcrumb\":{\"@id\":\"https:\/\/embryoland.gr\/de\/doctors\/drkanakas\/#breadcrumb\"},\"inLanguage\":\"de\",\"potentialAction\":[{\"@type\":\"ReadAction\",\"target\":[\"https:\/\/embryoland.gr\/de\/doctors\/drkanakas\/\"]}]},{\"@type\":\"BreadcrumbList\",\"@id\":\"https:\/\/embryoland.gr\/de\/doctors\/drkanakas\/#breadcrumb\",\"itemListElement\":[{\"@type\":\"ListItem\",\"position\":1,\"name\":\"Home\",\"item\":\"https:\/\/embryoland.gr\/de\/\"},{\"@type\":\"ListItem\",\"position\":2,\"name\":\"Unsere \u00c4rzte\",\"item\":\"https:\/\/embryoland.gr\/de\/doctors\/\"},{\"@type\":\"ListItem\",\"position\":3,\"name\":\"Dr. med. Nikos Kanakas\"}]},{\"@type\":\"WebSite\",\"@id\":\"https:\/\/embryoland.gr\/de\/#website\",\"url\":\"https:\/\/embryoland.gr\/de\/\",\"name\":\"Embryoland\",\"description\":\"\",\"publisher\":{\"@id\":\"https:\/\/embryoland.gr\/de\/#organization\"},\"potentialAction\":[{\"@type\":\"SearchAction\",\"target\":{\"@type\":\"EntryPoint\",\"urlTemplate\":\"https:\/\/embryoland.gr\/de\/?s={search_term_string}\"},\"query-input\":\"required name=search_term_string\"}],\"inLanguage\":\"de\"},{\"@type\":\"Organization\",\"@id\":\"https:\/\/embryoland.gr\/de\/#organization\",\"name\":\"Embryoland\",\"url\":\"https:\/\/embryoland.gr\/de\/\",\"logo\":{\"@type\":\"ImageObject\",\"inLanguage\":\"de\",\"@id\":\"https:\/\/embryoland.gr\/de\/#\/schema\/logo\/image\/\",\"url\":\"https:\/\/embryoland.gr\/wp-content\/uploads\/2024\/05\/logo-embryoland.png\",\"contentUrl\":\"https:\/\/embryoland.gr\/wp-content\/uploads\/2024\/05\/logo-embryoland.png\",\"width\":330,\"height\":72,\"caption\":\"Embryoland\"},\"image\":{\"@id\":\"https:\/\/embryoland.gr\/de\/#\/schema\/logo\/image\/\"}}]}<\/script>\n<!-- \/ Yoast SEO plugin. -->","yoast_head_json":{"title":"Dr. med. Nikos Kanakas, Kinderwunschbehandlung Griechenland Embryoland","description":"Dr. med. Nikos Kanakas - Facharzt f\u00fcr Gyn\u00e4kologie und Geburtshilfe mit Spezialgebiet \/ Subspezialit\u00e4t Gyn\u00e4kologische Endokrinologie und Reproduktionsmedizin. Promoviert an der Universit\u00e4tsfrauenklinik Heidelberg unter der Leitung von Professor Dr. med. Benno Runnebaum sowie Professor Dr.med Thomas Rabe","robots":{"index":"index","follow":"follow","max-snippet":"max-snippet:-1","max-image-preview":"max-image-preview:large","max-video-preview":"max-video-preview:-1"},"canonical":"https:\/\/embryoland.gr\/de\/doctors\/drkanakas\/","og_locale":"de_DE","og_type":"article","og_title":"Dr. med. Nikos Kanakas, Kinderwunschbehandlung Griechenland Embryoland","og_description":"Dr. med. Nikos Kanakas - Facharzt f\u00fcr Gyn\u00e4kologie und Geburtshilfe mit Spezialgebiet \/ Subspezialit\u00e4t Gyn\u00e4kologische Endokrinologie und Reproduktionsmedizin. Promoviert an der Universit\u00e4tsfrauenklinik Heidelberg unter der Leitung von Professor Dr. med. Benno Runnebaum sowie Professor Dr.med Thomas Rabe","og_url":"https:\/\/embryoland.gr\/de\/doctors\/drkanakas\/","og_site_name":"Embryoland","article_modified_time":"2024-11-12T15:30:02+00:00","twitter_card":"summary_large_image","twitter_misc":{"Gesch\u00e4tzte Lesezeit":"5\u00a0Minuten"},"schema":{"@context":"https:\/\/schema.org","@graph":[{"@type":"WebPage","@id":"https:\/\/embryoland.gr\/de\/doctors\/drkanakas\/","url":"https:\/\/embryoland.gr\/de\/doctors\/drkanakas\/","name":"Dr. med. Nikos Kanakas, Kinderwunschbehandlung Griechenland Embryoland","isPartOf":{"@id":"https:\/\/embryoland.gr\/de\/#website"},"datePublished":"2024-05-14T14:15:01+00:00","dateModified":"2024-11-12T15:30:02+00:00","description":"Dr. med. Nikos Kanakas - Facharzt f\u00fcr Gyn\u00e4kologie und Geburtshilfe mit Spezialgebiet \/ Subspezialit\u00e4t Gyn\u00e4kologische Endokrinologie und Reproduktionsmedizin. Promoviert an der Universit\u00e4tsfrauenklinik Heidelberg unter der Leitung von Professor Dr. med. Benno Runnebaum sowie Professor Dr.med Thomas Rabe","breadcrumb":{"@id":"https:\/\/embryoland.gr\/de\/doctors\/drkanakas\/#breadcrumb"},"inLanguage":"de","potentialAction":[{"@type":"ReadAction","target":["https:\/\/embryoland.gr\/de\/doctors\/drkanakas\/"]}]},{"@type":"BreadcrumbList","@id":"https:\/\/embryoland.gr\/de\/doctors\/drkanakas\/#breadcrumb","itemListElement":[{"@type":"ListItem","position":1,"name":"Home","item":"https:\/\/embryoland.gr\/de\/"},{"@type":"ListItem","position":2,"name":"Unsere \u00c4rzte","item":"https:\/\/embryoland.gr\/de\/doctors\/"},{"@type":"ListItem","position":3,"name":"Dr. med. Nikos Kanakas"}]},{"@type":"WebSite","@id":"https:\/\/embryoland.gr\/de\/#website","url":"https:\/\/embryoland.gr\/de\/","name":"Embryoland","description":"","publisher":{"@id":"https:\/\/embryoland.gr\/de\/#organization"},"potentialAction":[{"@type":"SearchAction","target":{"@type":"EntryPoint","urlTemplate":"https:\/\/embryoland.gr\/de\/?s={search_term_string}"},"query-input":"required name=search_term_string"}],"inLanguage":"de"},{"@type":"Organization","@id":"https:\/\/embryoland.gr\/de\/#organization","name":"Embryoland","url":"https:\/\/embryoland.gr\/de\/","logo":{"@type":"ImageObject","inLanguage":"de","@id":"https:\/\/embryoland.gr\/de\/#\/schema\/logo\/image\/","url":"https:\/\/embryoland.gr\/wp-content\/uploads\/2024\/05\/logo-embryoland.png","contentUrl":"https:\/\/embryoland.gr\/wp-content\/uploads\/2024\/05\/logo-embryoland.png","width":330,"height":72,"caption":"Embryoland"},"image":{"@id":"https:\/\/embryoland.gr\/de\/#\/schema\/logo\/image\/"}}]}},"_links":{"self":[{"href":"https:\/\/embryoland.gr\/de\/wp-json\/wp\/v2\/pages\/2264","targetHints":{"allow":["GET"]}}],"collection":[{"href":"https:\/\/embryoland.gr\/de\/wp-json\/wp\/v2\/pages"}],"about":[{"href":"https:\/\/embryoland.gr\/de\/wp-json\/wp\/v2\/types\/page"}],"author":[{"embeddable":true,"href":"https:\/\/embryoland.gr\/de\/wp-json\/wp\/v2\/users\/1"}],"replies":[{"embeddable":true,"href":"https:\/\/embryoland.gr\/de\/wp-json\/wp\/v2\/comments?post=2264"}],"version-history":[{"count":3,"href":"https:\/\/embryoland.gr\/de\/wp-json\/wp\/v2\/pages\/2264\/revisions"}],"predecessor-version":[{"id":2289,"href":"https:\/\/embryoland.gr\/de\/wp-json\/wp\/v2\/pages\/2264\/revisions\/2289"}],"up":[{"embeddable":true,"href":"https:\/\/embryoland.gr\/de\/wp-json\/wp\/v2\/pages\/2248"}],"wp:attachment":[{"href":"https:\/\/embryoland.gr\/de\/wp-json\/wp\/v2\/media?parent=2264"}],"curies":[{"name":"wp","href":"https:\/\/api.w.org\/{rel}","templated":true}]}}